{"id":588,"date":"2021-03-13T19:52:47","date_gmt":"2021-03-13T19:52:47","guid":{"rendered":"https:\/\/rotinaspiscinas.pt\/?post_type=product&#038;p=588"},"modified":"2021-03-13T19:52:47","modified_gmt":"2021-03-13T19:52:47","slug":"filtro-hcf-roma-laminado","status":"publish","type":"product","link":"https:\/\/rotinaspiscinas.pt\/index.php\/product\/filtro-hcf-roma-laminado\/","title":{"rendered":"FILTRO HCF ROMA LAMINADO"},"content":{"rendered":"<ul>\n<li>Fabricado em poli\u00e9ster laminado refor\u00e7ado com fibra de vidro<\/li>\n<li>Press\u00e3o de trabalho: 0,5 a 2 Bar<\/li>\n<li>Press\u00e3o m\u00e1xima: 2,5 Bar<\/li>\n<li>V\u00e1lvula lateral de 6 vias inclu\u00edda<\/li>\n<li>Coletor de crepinas<\/li>\n<li>Conforme a norma italiana UNI 10637\/2016<\/li>\n<\/ul>\n","protected":false},"excerpt":{"rendered":"<p>Fabricado em poli\u00e9ster laminado refor\u00e7ado com fibra de vidro Press\u00e3o [&hellip;]<\/p>\n","protected":false},"featured_media":589,"template":"","meta":[],"_links":{"self":[{"href":"https:\/\/rotinaspiscinas.pt\/index.php\/wp-json\/wp\/v2\/product\/588"}],"collection":[{"href":"https:\/\/rotinaspiscinas.pt\/index.php\/wp-json\/wp\/v2\/product"}],"about":[{"href":"https:\/\/rotinaspiscinas.pt\/index.php\/wp-json\/wp\/v2\/types\/product"}],"wp:featuredmedia":[{"embeddable":true,"href":"https:\/\/rotinaspiscinas.pt\/index.php\/wp-json\/wp\/v2\/media\/589"}],"wp:attachment":[{"href":"https:\/\/rotinaspiscinas.pt\/index.php\/wp-json\/wp\/v2\/media?parent=588"}],"curies":[{"name":"wp","href":"https:\/\/api.w.org\/{rel}","templated":true}]}}