{"id":590,"date":"2021-03-13T19:53:33","date_gmt":"2021-03-13T19:53:33","guid":{"rendered":"https:\/\/rotinaspiscinas.pt\/?post_type=product&#038;p=590"},"modified":"2021-03-13T19:53:33","modified_gmt":"2021-03-13T19:53:33","slug":"filtro-triton-neo","status":"publish","type":"product","link":"https:\/\/rotinaspiscinas.pt\/index.php\/product\/filtro-triton-neo\/","title":{"rendered":"FILTRO TRITON NEO"},"content":{"rendered":"<p>Um filtro de refer\u00eancia no mercado, agora renovado e melhorado.<br \/>\nTanque de uma pe\u00e7a, refor\u00e7ado com fibra de vidro resistente ao U.V. fabricado sem costura, o que elimina qualquer possibilidade de fissura.<\/p>\n<ul>\n<li>Nova c\u00fapula refor\u00e7ada transparente<\/li>\n<li>Man\u00f3metro com montagem superior, de f\u00e1cil leitura, com purga de ar manual<\/li>\n<li>Um difusor inferior de 360 \u00b0 para uma filtra\u00e7\u00e3o \u00f3ptima.<\/li>\n<li>Difusor retr\u00e1til para f\u00e1cil acesso ao interior.<\/li>\n<li>V\u00e1lvula lateral de 6 vias montada<\/li>\n<li>Pe\u00e7as de atravessamento da parede do filtro refor\u00e7adas<\/li>\n<li>Garantia de 10 anos no tanque<\/li>\n<\/ul>\n","protected":false},"excerpt":{"rendered":"<p>Um filtro de refer\u00eancia no mercado, agora renovado e melhorado. [&hellip;]<\/p>\n","protected":false},"featured_media":591,"template":"","meta":[],"_links":{"self":[{"href":"https:\/\/rotinaspiscinas.pt\/index.php\/wp-json\/wp\/v2\/product\/590"}],"collection":[{"href":"https:\/\/rotinaspiscinas.pt\/index.php\/wp-json\/wp\/v2\/product"}],"about":[{"href":"https:\/\/rotinaspiscinas.pt\/index.php\/wp-json\/wp\/v2\/types\/product"}],"wp:featuredmedia":[{"embeddable":true,"href":"https:\/\/rotinaspiscinas.pt\/index.php\/wp-json\/wp\/v2\/media\/591"}],"wp:attachment":[{"href":"https:\/\/rotinaspiscinas.pt\/index.php\/wp-json\/wp\/v2\/media?parent=590"}],"curies":[{"name":"wp","href":"https:\/\/api.w.org\/{rel}","templated":true}]}}