{"id":592,"date":"2021-03-13T19:54:53","date_gmt":"2021-03-13T19:54:53","guid":{"rendered":"https:\/\/rotinaspiscinas.pt\/?post_type=product&#038;p=592"},"modified":"2021-03-13T19:54:53","modified_gmt":"2021-03-13T19:54:53","slug":"vidro","status":"publish","type":"product","link":"https:\/\/rotinaspiscinas.pt\/index.php\/product\/vidro\/","title":{"rendered":"Vidro"},"content":{"rendered":"<p>Capacidade de filtra\u00e7\u00e3o superior<\/p>\n<ul>\n<li>Eficiente<\/li>\n<li>Remove 30% mais material e detritos do que areia, poupa em<br \/>\nretrolavagem, produtos qu\u00edmicos de \u00e1gua e energia para a piscina.<\/li>\n<li>20% menos denso que a areia *<\/li>\n<li>Aumenta o tempo de vida \u00fatil do filtro<\/li>\n<li>Menos suscet\u00edvel a bio-incrusta\u00e7\u00e3o, o que leva \u00e0 menor utiliza\u00e7\u00e3o<br \/>\ncorretiva de tratamento qu\u00edmico.<\/li>\n<li>Vidro 100% fabricado em Espanha. 100% ecol\u00f3gico.<\/li>\n<li>Submetido a um completo ciclo de limpeza<\/li>\n<li>Vidro as\u00e9ptico n\u00e3o poroso que imposibilita o suporte bacteriano no interior do filtro.<\/li>\n<li>Vidro selecionado com granulometria controlada.<\/li>\n<\/ul>\n","protected":false},"excerpt":{"rendered":"<p>Capacidade de filtra\u00e7\u00e3o superior Eficiente Remove 30% mais material e [&hellip;]<\/p>\n","protected":false},"featured_media":594,"template":"","meta":[],"_links":{"self":[{"href":"https:\/\/rotinaspiscinas.pt\/index.php\/wp-json\/wp\/v2\/product\/592"}],"collection":[{"href":"https:\/\/rotinaspiscinas.pt\/index.php\/wp-json\/wp\/v2\/product"}],"about":[{"href":"https:\/\/rotinaspiscinas.pt\/index.php\/wp-json\/wp\/v2\/types\/product"}],"wp:featuredmedia":[{"embeddable":true,"href":"https:\/\/rotinaspiscinas.pt\/index.php\/wp-json\/wp\/v2\/media\/594"}],"wp:attachment":[{"href":"https:\/\/rotinaspiscinas.pt\/index.php\/wp-json\/wp\/v2\/media?parent=592"}],"curies":[{"name":"wp","href":"https:\/\/api.w.org\/{rel}","templated":true}]}}