{"id":596,"date":"2021-03-13T19:54:57","date_gmt":"2021-03-13T19:54:57","guid":{"rendered":"https:\/\/rotinaspiscinas.pt\/?post_type=product&#038;p=596"},"modified":"2021-03-13T19:54:57","modified_gmt":"2021-03-13T19:54:57","slug":"bomba-hayward-modelo-hcp-3800","status":"publish","type":"product","link":"https:\/\/rotinaspiscinas.pt\/index.php\/product\/bomba-hayward-modelo-hcp-3800\/","title":{"rendered":"Bomba Hayward Modelo HCP 3800"},"content":{"rendered":"<ul>\n<li>Fabricada em termopl\u00e1stico refor\u00e7ado com fibra<\/li>\n<li>Leve e f\u00e1cil de instalar<\/li>\n<li>Motores trif\u00e1sicos de acordo com diretiva IE3<\/li>\n<li>Turbina em Noryl refor\u00e7ado<\/li>\n<li>Motor TEFC de alta performance<\/li>\n<li>Pr\u00e9 filtro com tampa transparente<\/li>\n<li>Base elevada para facilitar a ventila\u00e7\u00e3o do motor<\/li>\n<li>Motor IP55, classe F, 50 Hz \/ 2850 rpm<\/li>\n<li>Pode funcionar com sistemas de eletr\u00f3lise de sal<\/li>\n<\/ul>\n","protected":false},"excerpt":{"rendered":"<p>Fabricada em termopl\u00e1stico refor\u00e7ado com fibra Leve e f\u00e1cil de [&hellip;]<\/p>\n","protected":false},"featured_media":597,"template":"","meta":[],"_links":{"self":[{"href":"https:\/\/rotinaspiscinas.pt\/index.php\/wp-json\/wp\/v2\/product\/596"}],"collection":[{"href":"https:\/\/rotinaspiscinas.pt\/index.php\/wp-json\/wp\/v2\/product"}],"about":[{"href":"https:\/\/rotinaspiscinas.pt\/index.php\/wp-json\/wp\/v2\/types\/product"}],"wp:featuredmedia":[{"embeddable":true,"href":"https:\/\/rotinaspiscinas.pt\/index.php\/wp-json\/wp\/v2\/media\/597"}],"wp:attachment":[{"href":"https:\/\/rotinaspiscinas.pt\/index.php\/wp-json\/wp\/v2\/media?parent=596"}],"curies":[{"name":"wp","href":"https:\/\/api.w.org\/{rel}","templated":true}]}}