{"id":606,"date":"2021-03-13T19:58:40","date_gmt":"2021-03-13T19:58:40","guid":{"rendered":"https:\/\/rotinaspiscinas.pt\/?post_type=product&#038;p=606"},"modified":"2021-03-13T19:58:40","modified_gmt":"2021-03-13T19:58:40","slug":"bomba-hayward-modelo-hcp-1100","status":"publish","type":"product","link":"https:\/\/rotinaspiscinas.pt\/index.php\/product\/bomba-hayward-modelo-hcp-1100\/","title":{"rendered":"Bomba Hayward Modelo HCP 1100"},"content":{"rendered":"<ul>\n<li>Bomba centr\u00edfuga de grande caudal<\/li>\n<li>Fabricada em termopl\u00e1stico refor\u00e7ado com fibra<\/li>\n<li>F\u00e1cil de instalar<\/li>\n<li>Turbina em Noryl refor\u00e7ado<\/li>\n<li>Sem pr\u00e9 filtro<\/li>\n<li>Base elevada para facilitar a ventila\u00e7\u00e3o do motor<\/li>\n<li>Motor IP55, classe F, 50 Hz \/ 2850 rpm Trif\u00e1sico<\/li>\n<li>Pode funcionar com sistemas de eletr\u00f3lise de sal<\/li>\n<\/ul>\n","protected":false},"excerpt":{"rendered":"<p>Bomba centr\u00edfuga de grande caudal Fabricada em termopl\u00e1stico refor\u00e7ado com [&hellip;]<\/p>\n","protected":false},"featured_media":608,"template":"","meta":[],"_links":{"self":[{"href":"https:\/\/rotinaspiscinas.pt\/index.php\/wp-json\/wp\/v2\/product\/606"}],"collection":[{"href":"https:\/\/rotinaspiscinas.pt\/index.php\/wp-json\/wp\/v2\/product"}],"about":[{"href":"https:\/\/rotinaspiscinas.pt\/index.php\/wp-json\/wp\/v2\/types\/product"}],"wp:featuredmedia":[{"embeddable":true,"href":"https:\/\/rotinaspiscinas.pt\/index.php\/wp-json\/wp\/v2\/media\/608"}],"wp:attachment":[{"href":"https:\/\/rotinaspiscinas.pt\/index.php\/wp-json\/wp\/v2\/media?parent=606"}],"curies":[{"name":"wp","href":"https:\/\/api.w.org\/{rel}","templated":true}]}}