{"id":609,"date":"2021-03-13T19:58:51","date_gmt":"2021-03-13T19:58:51","guid":{"rendered":"https:\/\/rotinaspiscinas.pt\/?post_type=product&#038;p=609"},"modified":"2021-03-13T19:58:52","modified_gmt":"2021-03-13T19:58:52","slug":"bomba-magnus-vsd","status":"publish","type":"product","link":"https:\/\/rotinaspiscinas.pt\/index.php\/product\/bomba-magnus-vsd\/","title":{"rendered":"BOMBA MAGNUS VSD"},"content":{"rendered":"<p>Bomba de alta efici\u00eancia com variador de velocidade<\/p>\n<p>A bomba MAGNUS VSD \u00e9 uma nova gera\u00e7\u00e3o de bombas para piscinas p\u00fablicas integrando um novo variador de velocidade.<\/p>\n<p>Funciona por modula\u00e7\u00e3o de frequ\u00eancia, obtendo um grande conforto e minimizando custos energ\u00e9ticos.<\/p>\n<p>O software est\u00e1 especialmente desenhado para a automatiza\u00e7\u00e3o da bomba.<br \/>\nO sistema permite a programa\u00e7\u00e3o de v\u00e1rios ciclos de filtra\u00e7\u00e3o di\u00e1rios com diferentes velocidades de funcionamento.<\/p>\n<p>Em grupos com v\u00e1rias bombas, as unidades comunicam entre si, de forma a sincronizarem hor\u00e1rios, velocidades e altern\u00e2ncia.<\/p>\n<p>Podem ainda controlar um sistema de baterias de v\u00e1lvulas autom\u00e1ticas<br \/>\nde filtros, de forma a efectuarem a lavagem automaticamente.<\/p>\n<h4><\/h4>\n<h4>Carater\u00edsticas<\/h4>\n<ul>\n<li>Poupan\u00e7a energ\u00e9tica<\/li>\n<li>Diferentes velocidades de trabalho<\/li>\n<li>Comunica\u00e7\u00e3o entre v\u00e1rias bombas<\/li>\n<li>Extremamente silenciosa<\/li>\n<li>Motor de alta efici\u00eancia IE5<\/li>\n<li>Prote\u00e7\u00e3o de sobrecarga do motor<\/li>\n<li>1.450 rpm m\u00e1ximo<\/li>\n<li>Liga\u00e7\u00f5es flangeadas de \u00d8110 mm<\/li>\n<\/ul>\n","protected":false},"excerpt":{"rendered":"<p>Bomba de alta efici\u00eancia com variador de velocidade A bomba [&hellip;]<\/p>\n","protected":false},"featured_media":611,"template":"","meta":[],"_links":{"self":[{"href":"https:\/\/rotinaspiscinas.pt\/index.php\/wp-json\/wp\/v2\/product\/609"}],"collection":[{"href":"https:\/\/rotinaspiscinas.pt\/index.php\/wp-json\/wp\/v2\/product"}],"about":[{"href":"https:\/\/rotinaspiscinas.pt\/index.php\/wp-json\/wp\/v2\/types\/product"}],"wp:featuredmedia":[{"embeddable":true,"href":"https:\/\/rotinaspiscinas.pt\/index.php\/wp-json\/wp\/v2\/media\/611"}],"wp:attachment":[{"href":"https:\/\/rotinaspiscinas.pt\/index.php\/wp-json\/wp\/v2\/media?parent=609"}],"curies":[{"name":"wp","href":"https:\/\/api.w.org\/{rel}","templated":true}]}}