{"id":612,"date":"2021-03-13T19:59:35","date_gmt":"2021-03-13T19:59:35","guid":{"rendered":"https:\/\/rotinaspiscinas.pt\/?post_type=product&#038;p=612"},"modified":"2021-03-13T19:59:36","modified_gmt":"2021-03-13T19:59:36","slug":"bomba-serie-magnus","status":"publish","type":"product","link":"https:\/\/rotinaspiscinas.pt\/index.php\/product\/bomba-serie-magnus\/","title":{"rendered":"Bomba Serie Magnus"},"content":{"rendered":"<p>Bomba auto-aspirante de grande caudal com motores de 1.450 r.p.m.<br \/>\ne 2.850 r.p.m. ideal para grandes equipamentos de filtra\u00e7\u00e3o.<\/p>\n<ul>\n<li>Incorpora um pr\u00e9-filtro na aspira\u00e7\u00e3o de grandes dimens\u00f5es que, junto com a excelente performance hidr\u00e1ulica que oferece, proporciona uma elevada capacidade de filtra\u00e7\u00e3o.<\/li>\n<li>Filtro com tampa transparente em policarbonato que permite<br \/>\nobservar facilmente o interior do cesto do pr\u00e9-filtro.<\/li>\n<li>Motor ass\u00edncrono fechado, com grau de prote\u00e7\u00e3o IP-55. Rolamentos permanentemente lubrificados, o que garante uma longa durabilidade e um funcionamento silencioso.<\/li>\n<li>Liga\u00e7\u00f5es: DN 110mm.<\/li>\n<\/ul>\n","protected":false},"excerpt":{"rendered":"<p>Bomba auto-aspirante de grande caudal com motores de 1.450 r.p.m. [&hellip;]<\/p>\n","protected":false},"featured_media":613,"template":"","meta":[],"_links":{"self":[{"href":"https:\/\/rotinaspiscinas.pt\/index.php\/wp-json\/wp\/v2\/product\/612"}],"collection":[{"href":"https:\/\/rotinaspiscinas.pt\/index.php\/wp-json\/wp\/v2\/product"}],"about":[{"href":"https:\/\/rotinaspiscinas.pt\/index.php\/wp-json\/wp\/v2\/types\/product"}],"wp:featuredmedia":[{"embeddable":true,"href":"https:\/\/rotinaspiscinas.pt\/index.php\/wp-json\/wp\/v2\/media\/613"}],"wp:attachment":[{"href":"https:\/\/rotinaspiscinas.pt\/index.php\/wp-json\/wp\/v2\/media?parent=612"}],"curies":[{"name":"wp","href":"https:\/\/api.w.org\/{rel}","templated":true}]}}