{"id":617,"date":"2021-03-13T20:02:46","date_gmt":"2021-03-13T20:02:46","guid":{"rendered":"https:\/\/rotinaspiscinas.pt\/?post_type=product&#038;p=617"},"modified":"2021-03-13T20:02:46","modified_gmt":"2021-03-13T20:02:46","slug":"bomba-superpool","status":"publish","type":"product","link":"https:\/\/rotinaspiscinas.pt\/index.php\/product\/bomba-superpool\/","title":{"rendered":"Bomba SUPERPOOL"},"content":{"rendered":"<p><strong>Bomba PermaGlass XL<\/strong> \u2122<\/p>\n<p>Com o motor fechado e ventilado (IPX5)<br \/>\nTampa transparente Lexan\u00ae com abertura e fecho r\u00e1pido<\/p>\n<ul>\n<li>Baixo n\u00edvel de ru\u00eddo<\/li>\n<li>Baixo consumo de energia<\/li>\n<li>Motor resistente de alto rendimento<\/li>\n<li>Volume do cesto do pr\u00e9-filtro: 1000 cm3<\/li>\n<li>Conex\u00e3o 1 11\/2\u2019\u2019<\/li>\n<li>Fluxo de 8 a 15 m3\/h<\/li>\n<li>Resist\u00eancia \u00e0 corros\u00e3o qu\u00edmica e salina, em utiliza\u00e7\u00e3o normal<\/li>\n<\/ul>\n<p>&nbsp;<\/p>\n<p><strong>DESEMPENHO<\/strong><\/p>\n<ul>\n<li>Bomba autoferrante com motor fechado e ventilado (IPX5).<\/li>\n<li>Turbina de elevado desempenho em Noryl com encaixe em lat\u00e3o.<\/li>\n<li>Motor resistente e de elevado rendimento.<\/li>\n<li>Prote\u00e7\u00e3o t\u00e9rmica incorporada com restabelecimento autom\u00e1tico.<\/li>\n<\/ul>\n<p>&nbsp;<\/p>\n<p><strong>POLIVAL\u00caNCIA<\/strong><\/p>\n<ul>\n<li>Ideal para piscinas de tamanho m\u00e9dio ou pequeno.<\/li>\n<li>Design compacto ideal para locais t\u00e9cnicos muito pequenos.<\/li>\n<li>Pot\u00eancia de 0,5 a 1,5 Cv. Alimenta\u00e7\u00e3o monof\u00e1sica.<\/li>\n<li>Trif\u00e1sica sob pedido.<\/li>\n<\/ul>\n<p>&nbsp;<\/p>\n<p><strong>RESIST\u00caNCIA<\/strong><\/p>\n<ul>\n<li>Resist\u00eancia \u00e0 corros\u00e3o qu\u00edmica e salina em condi\u00e7\u00f5es normais de utiliza\u00e7\u00e3o.<\/li>\n<li>Obturador em cer\u00e2mica sobre carbono.<\/li>\n<\/ul>\n<p>&nbsp;<\/p>\n<p><strong>MANUTEN\u00c7\u00c3O F\u00c1CIL<\/strong><\/p>\n<ul>\n<li>Tampa em policarbonato transparente, com orelhas, para abertura e fecho r\u00e1pidos.<\/li>\n<li>Cesto do pr\u00e9-filtro de 1000 cm3<\/li>\n<\/ul>\n","protected":false},"excerpt":{"rendered":"<p>Bomba PermaGlass XL \u2122 Com o motor fechado e ventilado [&hellip;]<\/p>\n","protected":false},"featured_media":621,"template":"","meta":[],"_links":{"self":[{"href":"https:\/\/rotinaspiscinas.pt\/index.php\/wp-json\/wp\/v2\/product\/617"}],"collection":[{"href":"https:\/\/rotinaspiscinas.pt\/index.php\/wp-json\/wp\/v2\/product"}],"about":[{"href":"https:\/\/rotinaspiscinas.pt\/index.php\/wp-json\/wp\/v2\/types\/product"}],"wp:featuredmedia":[{"embeddable":true,"href":"https:\/\/rotinaspiscinas.pt\/index.php\/wp-json\/wp\/v2\/media\/621"}],"wp:attachment":[{"href":"https:\/\/rotinaspiscinas.pt\/index.php\/wp-json\/wp\/v2\/media?parent=617"}],"curies":[{"name":"wp","href":"https:\/\/api.w.org\/{rel}","templated":true}]}}