{"id":620,"date":"2021-03-13T20:03:00","date_gmt":"2021-03-13T20:03:00","guid":{"rendered":"https:\/\/rotinaspiscinas.pt\/?post_type=product&#038;p=620"},"modified":"2021-03-13T20:03:00","modified_gmt":"2021-03-13T20:03:00","slug":"bomba-k-flo","status":"publish","type":"product","link":"https:\/\/rotinaspiscinas.pt\/index.php\/product\/bomba-k-flo\/","title":{"rendered":"Bomba K-Flo"},"content":{"rendered":"<ul>\n<li>Alto desempenho, baixo ru\u00eddo<\/li>\n<li>Tampa de tor\u00e7\u00e3o, de acesso r\u00e1pido (n\u00e3o requer ferramentas)<\/li>\n<li>Impulsor e difusor feito de Noryl\u00ae, resistente ao desgaste e \u00e0 corros\u00e3o, mantendo alta estabilidade dimensional.<\/li>\n<li>Adequado para uso em \u00e1gua salgada, retentor a prova de corros\u00e3o.<\/li>\n<li>Substitui\u00e7\u00e3o direta para bombas KS.<\/li>\n<li>Uni\u00f5es inclu\u00eddas.<\/li>\n<\/ul>\n","protected":false},"excerpt":{"rendered":"<p>Alto desempenho, baixo ru\u00eddo Tampa de tor\u00e7\u00e3o, de acesso r\u00e1pido [&hellip;]<\/p>\n","protected":false},"featured_media":624,"template":"","meta":[],"_links":{"self":[{"href":"https:\/\/rotinaspiscinas.pt\/index.php\/wp-json\/wp\/v2\/product\/620"}],"collection":[{"href":"https:\/\/rotinaspiscinas.pt\/index.php\/wp-json\/wp\/v2\/product"}],"about":[{"href":"https:\/\/rotinaspiscinas.pt\/index.php\/wp-json\/wp\/v2\/types\/product"}],"wp:featuredmedia":[{"embeddable":true,"href":"https:\/\/rotinaspiscinas.pt\/index.php\/wp-json\/wp\/v2\/media\/624"}],"wp:attachment":[{"href":"https:\/\/rotinaspiscinas.pt\/index.php\/wp-json\/wp\/v2\/media?parent=620"}],"curies":[{"name":"wp","href":"https:\/\/api.w.org\/{rel}","templated":true}]}}