{"id":623,"date":"2021-03-13T20:03:17","date_gmt":"2021-03-13T20:03:17","guid":{"rendered":"https:\/\/rotinaspiscinas.pt\/?post_type=product&#038;p=623"},"modified":"2021-03-13T20:03:18","modified_gmt":"2021-03-13T20:03:18","slug":"bomba-max-flo","status":"publish","type":"product","link":"https:\/\/rotinaspiscinas.pt\/index.php\/product\/bomba-max-flo\/","title":{"rendered":"Bomba Max Flo"},"content":{"rendered":"<p>Resist\u00eancia \u00e0 corros\u00e3o qu\u00edmica e salina (sob condi\u00e7\u00f5es normais de utiliza\u00e7\u00e3o).<\/p>\n<ul>\n<li>Tampa transparente do pr\u00e9-filtro de abertura f\u00e1cil.<\/li>\n<li>Silenciosa.<\/li>\n<li>Volume do cesto do pr\u00e9-filtro 1000cm3<\/li>\n<li>Baixo consumo energ\u00e9tico.<\/li>\n<li>Material &#8211; Perma Glass XL\u2122<\/li>\n<li>Corrente Monof\u00e1sica e Trif\u00e1sica<\/li>\n<li>Velocidade de2,900 rpm<\/li>\n<li>Liga\u00e7\u00e3o de 1 1\/2\u201d<\/li>\n<\/ul>\n","protected":false},"excerpt":{"rendered":"<p>Resist\u00eancia \u00e0 corros\u00e3o qu\u00edmica e salina (sob condi\u00e7\u00f5es normais de [&hellip;]<\/p>\n","protected":false},"featured_media":627,"template":"","meta":[],"_links":{"self":[{"href":"https:\/\/rotinaspiscinas.pt\/index.php\/wp-json\/wp\/v2\/product\/623"}],"collection":[{"href":"https:\/\/rotinaspiscinas.pt\/index.php\/wp-json\/wp\/v2\/product"}],"about":[{"href":"https:\/\/rotinaspiscinas.pt\/index.php\/wp-json\/wp\/v2\/types\/product"}],"wp:featuredmedia":[{"embeddable":true,"href":"https:\/\/rotinaspiscinas.pt\/index.php\/wp-json\/wp\/v2\/media\/627"}],"wp:attachment":[{"href":"https:\/\/rotinaspiscinas.pt\/index.php\/wp-json\/wp\/v2\/media?parent=623"}],"curies":[{"name":"wp","href":"https:\/\/api.w.org\/{rel}","templated":true}]}}