{"id":628,"date":"2021-03-13T20:04:41","date_gmt":"2021-03-13T20:04:41","guid":{"rendered":"https:\/\/rotinaspiscinas.pt\/?post_type=product&#038;p=628"},"modified":"2021-03-13T20:04:42","modified_gmt":"2021-03-13T20:04:42","slug":"bomba-max-flo-xl","status":"publish","type":"product","link":"https:\/\/rotinaspiscinas.pt\/index.php\/product\/bomba-max-flo-xl\/","title":{"rendered":"Bomba Max Flo XL"},"content":{"rendered":"<ul>\n<li>Hidr\u00e1ulica com design otimizado<\/li>\n<li>Tampa de abertura de tor\u00e7\u00e3o para f\u00e1cil manuten\u00e7\u00e3o<\/li>\n<li>Acess\u00f3rios de uni\u00e3o fornecidos para f\u00e1cil instala\u00e7\u00e3o<\/li>\n<li>Recomendada para piscinas at\u00e9 100 m3* (c\u00e1lculo baseado em 6 horas de rota\u00e7\u00e3o)<\/li>\n<li>AISI 304, adequado para \u00e1gua salgada<\/li>\n<li>Classe F, IP55, 50Hz, 2 p\u00f3los<\/li>\n<li>Buj\u00f5es de drenagem para inverna\u00e7\u00e3o mais f\u00e1cil<\/li>\n<\/ul>\n","protected":false},"excerpt":{"rendered":"<p>Hidr\u00e1ulica com design otimizado Tampa de abertura de tor\u00e7\u00e3o para [&hellip;]<\/p>\n","protected":false},"featured_media":630,"template":"","meta":[],"_links":{"self":[{"href":"https:\/\/rotinaspiscinas.pt\/index.php\/wp-json\/wp\/v2\/product\/628"}],"collection":[{"href":"https:\/\/rotinaspiscinas.pt\/index.php\/wp-json\/wp\/v2\/product"}],"about":[{"href":"https:\/\/rotinaspiscinas.pt\/index.php\/wp-json\/wp\/v2\/types\/product"}],"wp:featuredmedia":[{"embeddable":true,"href":"https:\/\/rotinaspiscinas.pt\/index.php\/wp-json\/wp\/v2\/media\/630"}],"wp:attachment":[{"href":"https:\/\/rotinaspiscinas.pt\/index.php\/wp-json\/wp\/v2\/media?parent=628"}],"curies":[{"name":"wp","href":"https:\/\/api.w.org\/{rel}","templated":true}]}}