{"id":629,"date":"2021-03-13T20:05:22","date_gmt":"2021-03-13T20:05:22","guid":{"rendered":"https:\/\/rotinaspiscinas.pt\/?post_type=product&#038;p=629"},"modified":"2021-03-13T20:05:22","modified_gmt":"2021-03-13T20:05:22","slug":"bomba-super-pump","status":"publish","type":"product","link":"https:\/\/rotinaspiscinas.pt\/index.php\/product\/bomba-super-pump\/","title":{"rendered":"Bomba Super Pump"},"content":{"rendered":"<p>Bomba de alta-performance.<br \/>\nMotor resistente e de elevado rendimento.<\/p>\n<ul>\n<li>Cesto de pr\u00e9-filtro de grandes dimens\u00f5es.<\/li>\n<li>Tampa transparente do pr\u00e9-filtro de abertura f\u00e1cil.<\/li>\n<li>Resist\u00eancia \u00e0 corros\u00e3o qu\u00edmica e salina (sob condi\u00e7\u00f5es normais de utiliza\u00e7\u00e3o).<\/li>\n<li>Facilidade de instala\u00e7\u00e3o e utiliza\u00e7\u00e3o.<\/li>\n<li>Concebida para todos os tipos de piscina.<\/li>\n<li>Material &#8211; Perma Glass XLTM<\/li>\n<li>Corrente monof\u00e1sica ou trif\u00e1sica<\/li>\n<li>Liga\u00e7\u00e3o de 1 1\/2\u201d ou 2\u201d<\/li>\n<li>Velocidade de 2,900 rpm<\/li>\n<li>Volume do cesto do pr\u00e9-filtro 1000cm3<\/li>\n<\/ul>\n","protected":false},"excerpt":{"rendered":"<p>Bomba de alta-performance. Motor resistente e de elevado rendimento. Cesto [&hellip;]<\/p>\n","protected":false},"featured_media":631,"template":"","meta":[],"_links":{"self":[{"href":"https:\/\/rotinaspiscinas.pt\/index.php\/wp-json\/wp\/v2\/product\/629"}],"collection":[{"href":"https:\/\/rotinaspiscinas.pt\/index.php\/wp-json\/wp\/v2\/product"}],"about":[{"href":"https:\/\/rotinaspiscinas.pt\/index.php\/wp-json\/wp\/v2\/types\/product"}],"wp:featuredmedia":[{"embeddable":true,"href":"https:\/\/rotinaspiscinas.pt\/index.php\/wp-json\/wp\/v2\/media\/631"}],"wp:attachment":[{"href":"https:\/\/rotinaspiscinas.pt\/index.php\/wp-json\/wp\/v2\/media?parent=629"}],"curies":[{"name":"wp","href":"https:\/\/api.w.org\/{rel}","templated":true}]}}