{"id":634,"date":"2021-03-13T20:05:58","date_gmt":"2021-03-13T20:05:58","guid":{"rendered":"https:\/\/rotinaspiscinas.pt\/?post_type=product&#038;p=634"},"modified":"2021-03-13T20:05:58","modified_gmt":"2021-03-13T20:05:58","slug":"bomba-swimmey","status":"publish","type":"product","link":"https:\/\/rotinaspiscinas.pt\/index.php\/product\/bomba-swimmey\/","title":{"rendered":"Bomba SWIMMEY"},"content":{"rendered":"<p>Bomba auto aspirante para piscinas.<\/p>\n<ul>\n<li>Motor fechado com ventila\u00e7\u00e3o exterior<\/li>\n<li>Prote\u00e7\u00e3o IP X5 &#8211; isolamento classe F<\/li>\n<li>Bombas monof\u00e1sicas fornecidas com condensador permanentemente ativado e prote\u00e7\u00e3o t\u00e9rmica interna.<\/li>\n<li>Bombas trif\u00e1sicas sem prote\u00e7\u00e3o t\u00e9rmica. Ter\u00e1 que ser prevista pelo instalador.<\/li>\n<li>Rolamentos de esferas auto lubrificados &#8211; rota\u00e7\u00e3o: 2.850 rpm<\/li>\n<li>Press\u00e3o m\u00e1xima de servi\u00e7o: 2,5 Bar<\/li>\n<li>Altura m\u00e1x. de suc\u00e7\u00e3o recom.: 3 m com v\u00e1lvula anti-retorno.<\/li>\n<li>Corpo em ABS<\/li>\n<li>Pr\u00e9-filtro ABS<\/li>\n<li>Liga\u00e7\u00e3o ABS\/PVC<\/li>\n<li>Turbina em Fibra de vidro refor\u00e7ada e difusor (resistente \u00e0 abras\u00e3o por areia)<\/li>\n<li>Veio em a\u00e7o inox isolado<\/li>\n<li>Base em Polipropileno<\/li>\n<\/ul>\n","protected":false},"excerpt":{"rendered":"<p>Bomba auto aspirante para piscinas. Motor fechado com ventila\u00e7\u00e3o exterior [&hellip;]<\/p>\n","protected":false},"featured_media":636,"template":"","meta":[],"_links":{"self":[{"href":"https:\/\/rotinaspiscinas.pt\/index.php\/wp-json\/wp\/v2\/product\/634"}],"collection":[{"href":"https:\/\/rotinaspiscinas.pt\/index.php\/wp-json\/wp\/v2\/product"}],"about":[{"href":"https:\/\/rotinaspiscinas.pt\/index.php\/wp-json\/wp\/v2\/types\/product"}],"wp:featuredmedia":[{"embeddable":true,"href":"https:\/\/rotinaspiscinas.pt\/index.php\/wp-json\/wp\/v2\/media\/636"}],"wp:attachment":[{"href":"https:\/\/rotinaspiscinas.pt\/index.php\/wp-json\/wp\/v2\/media?parent=634"}],"curies":[{"name":"wp","href":"https:\/\/api.w.org\/{rel}","templated":true}]}}