{"id":637,"date":"2021-03-13T20:07:47","date_gmt":"2021-03-13T20:07:47","guid":{"rendered":"https:\/\/rotinaspiscinas.pt\/?post_type=product&#038;p=637"},"modified":"2021-03-13T20:07:48","modified_gmt":"2021-03-13T20:07:48","slug":"bomba-superflo","status":"publish","type":"product","link":"https:\/\/rotinaspiscinas.pt\/index.php\/product\/bomba-superflo\/","title":{"rendered":"Bomba Superflo"},"content":{"rendered":"<p>Consumo energ\u00e9tico reduzido.<\/p>\n<ul>\n<li>Funcionamento silencioso.<\/li>\n<li>Tampa \u201cCam and Ramp TM\u201d para facilitar a limpeza e manuten\u00e7\u00e3o do cesto do pr\u00e9-filtro.<\/li>\n<li>Adapt\u00e1vel a outros equipamentos existentes no mercado<\/li>\n<\/ul>\n","protected":false},"excerpt":{"rendered":"<p>Consumo energ\u00e9tico reduzido. Funcionamento silencioso. Tampa \u201cCam and Ramp TM\u201d [&hellip;]<\/p>\n","protected":false},"featured_media":639,"template":"","meta":[],"_links":{"self":[{"href":"https:\/\/rotinaspiscinas.pt\/index.php\/wp-json\/wp\/v2\/product\/637"}],"collection":[{"href":"https:\/\/rotinaspiscinas.pt\/index.php\/wp-json\/wp\/v2\/product"}],"about":[{"href":"https:\/\/rotinaspiscinas.pt\/index.php\/wp-json\/wp\/v2\/types\/product"}],"wp:featuredmedia":[{"embeddable":true,"href":"https:\/\/rotinaspiscinas.pt\/index.php\/wp-json\/wp\/v2\/media\/639"}],"wp:attachment":[{"href":"https:\/\/rotinaspiscinas.pt\/index.php\/wp-json\/wp\/v2\/media?parent=637"}],"curies":[{"name":"wp","href":"https:\/\/api.w.org\/{rel}","templated":true}]}}