{"id":638,"date":"2021-03-13T20:08:57","date_gmt":"2021-03-13T20:08:57","guid":{"rendered":"https:\/\/rotinaspiscinas.pt\/?post_type=product&#038;p=638"},"modified":"2021-03-13T20:08:58","modified_gmt":"2021-03-13T20:08:58","slug":"bomba-5p2r-sta-rite","status":"publish","type":"product","link":"https:\/\/rotinaspiscinas.pt\/index.php\/product\/bomba-5p2r-sta-rite\/","title":{"rendered":"Bomba 5P2R Sta-Rite"},"content":{"rendered":"<p>Bombas de elevado rendimento, super dimensionadas e concebidas especialmente para piscinas.<\/p>\n<ul>\n<li>Auto-ferrante e baixo ru\u00eddo.<\/li>\n<li>Dispositivos de prote\u00e7\u00e3o contra sobrecargas com rearmamento autom\u00e1tico.<\/li>\n<li>Elevada curva de rendimento e altura manom\u00e9trica.<\/li>\n<li>Corrente monof\u00e1sica e trif\u00e1sica<\/li>\n<li>Liga\u00e7\u00e3o 1 1\/2\u2019\u2019<\/li>\n<\/ul>\n","protected":false},"excerpt":{"rendered":"<p>Bombas de elevado rendimento, super dimensionadas e concebidas especialmente para [&hellip;]<\/p>\n","protected":false},"featured_media":641,"template":"","meta":[],"_links":{"self":[{"href":"https:\/\/rotinaspiscinas.pt\/index.php\/wp-json\/wp\/v2\/product\/638"}],"collection":[{"href":"https:\/\/rotinaspiscinas.pt\/index.php\/wp-json\/wp\/v2\/product"}],"about":[{"href":"https:\/\/rotinaspiscinas.pt\/index.php\/wp-json\/wp\/v2\/types\/product"}],"wp:featuredmedia":[{"embeddable":true,"href":"https:\/\/rotinaspiscinas.pt\/index.php\/wp-json\/wp\/v2\/media\/641"}],"wp:attachment":[{"href":"https:\/\/rotinaspiscinas.pt\/index.php\/wp-json\/wp\/v2\/media?parent=638"}],"curies":[{"name":"wp","href":"https:\/\/api.w.org\/{rel}","templated":true}]}}