{"id":642,"date":"2021-03-13T20:08:24","date_gmt":"2021-03-13T20:08:24","guid":{"rendered":"https:\/\/rotinaspiscinas.pt\/?post_type=product&#038;p=642"},"modified":"2021-03-13T20:08:25","modified_gmt":"2021-03-13T20:08:25","slug":"bomba-la-sta-rite-e-la-sta-rite-hd","status":"publish","type":"product","link":"https:\/\/rotinaspiscinas.pt\/index.php\/product\/bomba-la-sta-rite-e-la-sta-rite-hd\/","title":{"rendered":"BOMBA LA STA-RITE e LA STA-RITE HD"},"content":{"rendered":"<p>Muda o nome e muda para motor PENTAIR<\/p>\n<p>Bombas de elevado rendimento, super dimensionadas e<br \/>\nconcebidas especialmente para piscinas.<\/p>\n<ul>\n<li>Auto-ferrante e baixo ru\u00eddo.<\/li>\n<li>Dispositivos de prote\u00e7\u00e3o contra sobrecargas com rearmamento autom\u00e1tico.<\/li>\n<li>Elevada curva de rendimento e altura manom\u00e9trica.<\/li>\n<li>Corrente monof\u00e1sica e trif\u00e1sica.<\/li>\n<li>Liga\u00e7\u00e3o 1 1\/2\u2019\u2019.<\/li>\n<\/ul>\n","protected":false},"excerpt":{"rendered":"<p>Muda o nome e muda para motor PENTAIR Bombas de [&hellip;]<\/p>\n","protected":false},"featured_media":644,"template":"","meta":[],"_links":{"self":[{"href":"https:\/\/rotinaspiscinas.pt\/index.php\/wp-json\/wp\/v2\/product\/642"}],"collection":[{"href":"https:\/\/rotinaspiscinas.pt\/index.php\/wp-json\/wp\/v2\/product"}],"about":[{"href":"https:\/\/rotinaspiscinas.pt\/index.php\/wp-json\/wp\/v2\/types\/product"}],"wp:featuredmedia":[{"embeddable":true,"href":"https:\/\/rotinaspiscinas.pt\/index.php\/wp-json\/wp\/v2\/media\/644"}],"wp:attachment":[{"href":"https:\/\/rotinaspiscinas.pt\/index.php\/wp-json\/wp\/v2\/media?parent=642"}],"curies":[{"name":"wp","href":"https:\/\/api.w.org\/{rel}","templated":true}]}}