{"id":656,"date":"2021-03-13T20:34:40","date_gmt":"2021-03-13T20:34:40","guid":{"rendered":"https:\/\/rotinaspiscinas.pt\/?post_type=product&#038;p=656"},"modified":"2021-03-13T20:34:40","modified_gmt":"2021-03-13T20:34:40","slug":"bomba-intelliflo-ii-vsf","status":"publish","type":"product","link":"https:\/\/rotinaspiscinas.pt\/index.php\/product\/bomba-intelliflo-ii-vsf\/","title":{"rendered":"Bomba INTELLIFLO II VSF"},"content":{"rendered":"<p>Velocidade e caudal vari\u00e1vel.<br \/>\nPermite a programa\u00e7\u00e3o da bomba em fun\u00e7\u00e3o do caudal pretendido, com<br \/>\nvisualiza\u00e7\u00e3o em m3\/h e consumo.<\/p>\n<ul>\n<li>Controle eletr\u00f3nico interativo<\/li>\n<li>N\u00e3o necessita de nenhum c\u00e1lculo hidr\u00e1ulico: simples de instalar e programar<\/li>\n<li>Prote\u00e7\u00e3o contra bloqueio de suc\u00e7\u00e3o, obstru\u00e7\u00e3o de d\u00e9bito ou sobre aquecimento<\/li>\n<li>Painel de controle LCD com indica\u00e7\u00e3o de caudal (m3\/h), RPM e consumo de energia (w)<\/li>\n<li>Motor de 3 cv, com caudal de 36 m3\/h a 10 m.c.a.<\/li>\n<li>8 mem\u00f3rias program\u00e1veis<\/li>\n<li>Rel\u00f3gio program\u00e1vel de 24 horas<\/li>\n<li>Motor de alta performance IE3<\/li>\n<li>Painel de montagem na parede (opcional)<\/li>\n<\/ul>\n<p>At\u00e9 90% de pou\u00e2n\u00e7a de energia<\/p>\n<h4><\/h4>\n<h4>QUADRO INTELLICOMM II<\/h4>\n<p>Dispositivo de controlo que permite interligar outras aplica\u00e7\u00f5es \u00e0 Intelliflo<\/p>\n","protected":false},"excerpt":{"rendered":"<p>Velocidade e caudal vari\u00e1vel. Permite a programa\u00e7\u00e3o da bomba em [&hellip;]<\/p>\n","protected":false},"featured_media":658,"template":"","meta":[],"_links":{"self":[{"href":"https:\/\/rotinaspiscinas.pt\/index.php\/wp-json\/wp\/v2\/product\/656"}],"collection":[{"href":"https:\/\/rotinaspiscinas.pt\/index.php\/wp-json\/wp\/v2\/product"}],"about":[{"href":"https:\/\/rotinaspiscinas.pt\/index.php\/wp-json\/wp\/v2\/types\/product"}],"wp:featuredmedia":[{"embeddable":true,"href":"https:\/\/rotinaspiscinas.pt\/index.php\/wp-json\/wp\/v2\/media\/658"}],"wp:attachment":[{"href":"https:\/\/rotinaspiscinas.pt\/index.php\/wp-json\/wp\/v2\/media?parent=656"}],"curies":[{"name":"wp","href":"https:\/\/api.w.org\/{rel}","templated":true}]}}