{"id":660,"date":"2021-03-13T20:36:23","date_gmt":"2021-03-13T20:36:23","guid":{"rendered":"https:\/\/rotinaspiscinas.pt\/?post_type=product&#038;p=660"},"modified":"2021-03-13T20:36:23","modified_gmt":"2021-03-13T20:36:23","slug":"novo-promatic-lifeguard","status":"publish","type":"product","link":"https:\/\/rotinaspiscinas.pt\/index.php\/product\/novo-promatic-lifeguard\/","title":{"rendered":"NOVO Promatic Lifeguard"},"content":{"rendered":"<p>Ideal para todo o tipo de piscinas de uso dom\u00e9stico. Novo sistema completo de controlo de cloro e ph.<\/p>\n<ul>\n<li>WiFi ativado com aplica\u00e7\u00e3o totalmente integrada (o controlo remoto pode ser desativado)<\/li>\n<li>Sensor de pH e dosagem de \u00e1cido, controlo de ORP, medi\u00e7\u00e3o de temperatura e sal para um equil\u00edbrio sem esfor\u00e7o da piscina.<\/li>\n<li>Controlo de ORP para prevenir o excesso de clora\u00e7\u00e3o quando usada cobertura na piscina.<\/li>\n<li>C\u00e9lula de elevado desempenho, em linha, com invers\u00e3o de polaridade. Com interruptor de e caudal integrado, para maior seguran\u00e7a.<\/li>\n<li>Corte de produ\u00e7\u00e3o por baixa salinidade, para prote\u00e7\u00e3o da c\u00e9lula.<\/li>\n<li>Modo \u2018\u2018Boost\u2019\u2019 para produ\u00e7\u00e3o adicional de cloro durante per\u00edodos de utiliza\u00e7\u00e3o intensiva da piscina.<\/li>\n<li>Interface LCD, multilingue e de f\u00e1cil programa\u00e7\u00e3o.<\/li>\n<li>N\u00edvel de sal: 3000 &#8211; 6000ppm ou 1500-6000ppm para modelos \u2018\u2018Low salt\u2019\u2019.<\/li>\n<\/ul>\n<p>&nbsp;<\/p>\n<p><strong>C\u00c9LULAS DAVEY ECOSALT 2\/LIFEGUARD<\/strong><\/p>\n<ul>\n<li>C\u00e9lula Ecosalt In-Line 13<\/li>\n<li>C\u00e9lula Ecosalt In-Line 20<\/li>\n<li>C\u00e9lula Ecosalt In-Line 26<\/li>\n<\/ul>\n","protected":false},"excerpt":{"rendered":"<p>Ideal para todo o tipo de piscinas de uso dom\u00e9stico. [&hellip;]<\/p>\n","protected":false},"featured_media":662,"template":"","meta":[],"_links":{"self":[{"href":"https:\/\/rotinaspiscinas.pt\/index.php\/wp-json\/wp\/v2\/product\/660"}],"collection":[{"href":"https:\/\/rotinaspiscinas.pt\/index.php\/wp-json\/wp\/v2\/product"}],"about":[{"href":"https:\/\/rotinaspiscinas.pt\/index.php\/wp-json\/wp\/v2\/types\/product"}],"wp:featuredmedia":[{"embeddable":true,"href":"https:\/\/rotinaspiscinas.pt\/index.php\/wp-json\/wp\/v2\/media\/662"}],"wp:attachment":[{"href":"https:\/\/rotinaspiscinas.pt\/index.php\/wp-json\/wp\/v2\/media?parent=660"}],"curies":[{"name":"wp","href":"https:\/\/api.w.org\/{rel}","templated":true}]}}