{"id":661,"date":"2021-03-13T20:37:01","date_gmt":"2021-03-13T20:37:01","guid":{"rendered":"https:\/\/rotinaspiscinas.pt\/?post_type=product&#038;p=661"},"modified":"2021-03-13T20:37:02","modified_gmt":"2021-03-13T20:37:02","slug":"eletrolisador-sta-rite-sc-75","status":"publish","type":"product","link":"https:\/\/rotinaspiscinas.pt\/index.php\/product\/eletrolisador-sta-rite-sc-75\/","title":{"rendered":"Eletrolisador STA-RITE SC-75"},"content":{"rendered":"<p>O eletrolisador de sal SC-75 utiliza sal comum para produzir todo o cloro que a sua piscina necessita, de forma segura, eficaz e autom\u00e1tica.<br \/>\nConsegue o mesmo poder de desinfe\u00e7\u00e3o que a adi\u00e7\u00e3o de cloro manual, mas sem os inconvenientes que este acarreta. N\u00e3o \u00e9 necess\u00e1rio comprar, transportar nem armazenar compostos de cloro.<\/p>\n<ul>\n<li>Desenho compacto que cabe at\u00e9 nos locais t\u00e9cnicos mais pequenos.<\/li>\n<li>Para piscina elevadas e enterradas at\u00e9 80 m3<\/li>\n<li>C\u00e9lula remov\u00edvel.<\/li>\n<li>O armazenamento de dados evita que o utilizador perca informa\u00e7\u00e3o.<\/li>\n<li>A invers\u00e3o de polaridade permite a limpeza autom\u00e1tica da c\u00e9lula, compat\u00edvel para zonas com \u00e1guas muito calc\u00e1rias<\/li>\n<li>C\u00e9lula com 6.000 horas de vida.<\/li>\n<li>Interruptor de caudal integrado para controlo e seguran\u00e7a da produ\u00e7\u00e3o de cloro.<\/li>\n<li>Caudal m\u00ednimo de 5,7 m3\/h<\/li>\n<li>Montagem vertical ou horizontal.<\/li>\n<li>Capacidade de atualiza\u00e7\u00e3o<\/li>\n<\/ul>\n<p>&nbsp;<\/p>\n<p><strong>Caracter\u00edsticas adicionais:<\/strong><\/p>\n<ul>\n<li>Painel de controlo sens\u00edvel para uma visualiza\u00e7\u00e3o r\u00e1pida dos n\u00edveis de sal, limpeza da c\u00e9lula, produ\u00e7\u00e3o de cloro e caudal de \u00e1gua.<\/li>\n<li>Os ajustes s\u00e3o t\u00e3o f\u00e1ceis como pressionar dois bot\u00f5es, com 3 n\u00edveis de produ\u00e7\u00e3o de cloro.<\/li>\n<li>Todos os dados de funcionamento s\u00e3o tirados diariamente facilitando a manuten\u00e7\u00e3o da \u00e1gua em perfeitas condi\u00e7\u00f5es<\/li>\n<li>A fun\u00e7\u00e3o de tempo de uso da c\u00e9lula indica o tempo restante de vida \u00fatil da mesma<\/li>\n<li>Dois anos de garantia limitada<\/li>\n<\/ul>\n","protected":false},"excerpt":{"rendered":"<p>O eletrolisador de sal SC-75 utiliza sal comum para produzir [&hellip;]<\/p>\n","protected":false},"featured_media":663,"template":"","meta":[],"_links":{"self":[{"href":"https:\/\/rotinaspiscinas.pt\/index.php\/wp-json\/wp\/v2\/product\/661"}],"collection":[{"href":"https:\/\/rotinaspiscinas.pt\/index.php\/wp-json\/wp\/v2\/product"}],"about":[{"href":"https:\/\/rotinaspiscinas.pt\/index.php\/wp-json\/wp\/v2\/types\/product"}],"wp:featuredmedia":[{"embeddable":true,"href":"https:\/\/rotinaspiscinas.pt\/index.php\/wp-json\/wp\/v2\/media\/663"}],"wp:attachment":[{"href":"https:\/\/rotinaspiscinas.pt\/index.php\/wp-json\/wp\/v2\/media?parent=661"}],"curies":[{"name":"wp","href":"https:\/\/api.w.org\/{rel}","templated":true}]}}