{"id":664,"date":"2021-03-13T20:37:30","date_gmt":"2021-03-13T20:37:30","guid":{"rendered":"https:\/\/rotinaspiscinas.pt\/?post_type=product&#038;p=664"},"modified":"2021-03-13T20:37:30","modified_gmt":"2021-03-13T20:37:30","slug":"eletrolisador-ecosalt-2","status":"publish","type":"product","link":"https:\/\/rotinaspiscinas.pt\/index.php\/product\/eletrolisador-ecosalt-2\/","title":{"rendered":"Eletrolisador ECOSALT 2"},"content":{"rendered":"<p>Ideal para piscinas privadas at\u00e9 175 m3.<\/p>\n<ul>\n<li>2 vers\u00f5es dispon\u00edveis: Standard e de baixa salinidade \u201cLow Salt\u201c<\/li>\n<li>C\u00e9lula em linha com invers\u00e3o de polaridade de elevada efici\u00eancia.<\/li>\n<li>Interruptor de caudal integrado.<\/li>\n<li>Invers\u00e3o de polaridade autom\u00e1tica.<\/li>\n<li>Nivel de sal de funcionamento 3.000 a 6.000 ppm<\/li>\n<li>Modo de super clora\u00e7\u00e3o, para periodos de muita utiliza\u00e7\u00e3o.<\/li>\n<li>Modo de cobertura, para reduzir a produ\u00e7\u00e3o com cobertura fechada.<\/li>\n<li>Caudal de \u00e1gua m\u00ednimo de 3,6 m3\/h. Compat\u00edvel com bombas de<br \/>\nvelocidade vari\u00e1vel.<\/li>\n<li>3 modelos dispon\u00edveis de 15, 25 e 25 g\/h<\/li>\n<li>Indicador de baixa salinidade<\/li>\n<\/ul>\n","protected":false},"excerpt":{"rendered":"<p>Ideal para piscinas privadas at\u00e9 175 m3. 2 vers\u00f5es dispon\u00edveis: [&hellip;]<\/p>\n","protected":false},"featured_media":666,"template":"","meta":[],"_links":{"self":[{"href":"https:\/\/rotinaspiscinas.pt\/index.php\/wp-json\/wp\/v2\/product\/664"}],"collection":[{"href":"https:\/\/rotinaspiscinas.pt\/index.php\/wp-json\/wp\/v2\/product"}],"about":[{"href":"https:\/\/rotinaspiscinas.pt\/index.php\/wp-json\/wp\/v2\/types\/product"}],"wp:featuredmedia":[{"embeddable":true,"href":"https:\/\/rotinaspiscinas.pt\/index.php\/wp-json\/wp\/v2\/media\/666"}],"wp:attachment":[{"href":"https:\/\/rotinaspiscinas.pt\/index.php\/wp-json\/wp\/v2\/media?parent=664"}],"curies":[{"name":"wp","href":"https:\/\/api.w.org\/{rel}","templated":true}]}}