{"id":669,"date":"2021-03-13T20:38:59","date_gmt":"2021-03-13T20:38:59","guid":{"rendered":"https:\/\/rotinaspiscinas.pt\/?post_type=product&#038;p=669"},"modified":"2021-03-13T20:39:00","modified_gmt":"2021-03-13T20:39:00","slug":"eletrolisador-aquarite-lt","status":"publish","type":"product","link":"https:\/\/rotinaspiscinas.pt\/index.php\/product\/eletrolisador-aquarite-lt\/","title":{"rendered":"Eletrolisador AQUARITE LT"},"content":{"rendered":"<p>Simples de utilizar<\/p>\n<ul>\n<li>Funciona com a tecnologia Hayward, que garante a fiabilidade do tratamento com sal.<\/li>\n<li>Possibilidade de ligar um sistema que permite corrigir o pH (opcional).<\/li>\n<li>4 tamanhos de c\u00e9lulas.<\/li>\n<li>Dete\u00e7\u00e3o de cobertura fechada para uma redu\u00e7\u00e3o instant\u00e2nea da<br \/>\nprodu\u00e7\u00e3o de cloro.<\/li>\n<li>Salinidade recomendada 3,2 g\/l<\/li>\n<\/ul>\n","protected":false},"excerpt":{"rendered":"<p>Simples de utilizar Funciona com a tecnologia Hayward, que garante [&hellip;]<\/p>\n","protected":false},"featured_media":671,"template":"","meta":[],"_links":{"self":[{"href":"https:\/\/rotinaspiscinas.pt\/index.php\/wp-json\/wp\/v2\/product\/669"}],"collection":[{"href":"https:\/\/rotinaspiscinas.pt\/index.php\/wp-json\/wp\/v2\/product"}],"about":[{"href":"https:\/\/rotinaspiscinas.pt\/index.php\/wp-json\/wp\/v2\/types\/product"}],"wp:featuredmedia":[{"embeddable":true,"href":"https:\/\/rotinaspiscinas.pt\/index.php\/wp-json\/wp\/v2\/media\/671"}],"wp:attachment":[{"href":"https:\/\/rotinaspiscinas.pt\/index.php\/wp-json\/wp\/v2\/media?parent=669"}],"curies":[{"name":"wp","href":"https:\/\/api.w.org\/{rel}","templated":true}]}}