{"id":674,"date":"2021-03-13T20:41:24","date_gmt":"2021-03-13T20:41:24","guid":{"rendered":"https:\/\/rotinaspiscinas.pt\/?post_type=product&#038;p=674"},"modified":"2021-03-13T20:41:24","modified_gmt":"2021-03-13T20:41:24","slug":"aquarite-flo-basic-e-aquarite-flo-advanced","status":"publish","type":"product","link":"https:\/\/rotinaspiscinas.pt\/index.php\/product\/aquarite-flo-basic-e-aquarite-flo-advanced\/","title":{"rendered":"AQUARITE\u00ae FLO BASIC e AQUARITE\u00ae FLO ADVANCED"},"content":{"rendered":"<p><strong>FLO Basic<\/strong>:<\/p>\n<p>Clorador de sal de nova gera\u00e7\u00e3o<\/p>\n<ul>\n<li>Clorador de sal com ampla gama de produ\u00e7\u00f5es de cloro: 8, 16 e 22 g\/h para cobrir todas as necessidades do mercado.<\/li>\n<li>Configura\u00e7\u00e3o da produ\u00e7\u00e3o usando a visualiza\u00e7\u00e3o dos LED.<\/li>\n<li>Controlo visual da produ\u00e7\u00e3o gra\u00e7as \u00e0 sua c\u00e9lula transparente.<\/li>\n<li>Op\u00e7\u00e3o Kit detector de caudal<\/li>\n<\/ul>\n<p>&nbsp;<\/p>\n<p><strong>FLO Advanced:<\/strong><\/p>\n<p>Clorador de sal com fun\u00e7\u00f5es de controlo do equipamento da piscina.<\/p>\n<ul>\n<li>Ampla gama de produ\u00e7\u00f5es de cloro: 16, 22 e 33 g\/h para cobrir todas as necessidades do mercado.<\/li>\n<li>Controlo visual da produ\u00e7\u00e3o gra\u00e7as \u00e0 sua c\u00e9lula transparente.<\/li>\n<li>Controlo da bomba de filtra\u00e7\u00e3o e ilumina\u00e7\u00e3o<\/li>\n<li>Sem a necessidade de um transformador adicional para projetores de LED de at\u00e9 50W, a caixa de controlo fornece a energia diretamente.<\/li>\n<li>Op\u00e7\u00e3o de Kits de ajuste de pH, Rx e detector de fluxo mec\u00e2nico.<\/li>\n<li>Op\u00e7\u00e3o de Kit de conex\u00e3o (Wi-Fi ou Ethernet) opcional: permite controlar remotamente e salvar todas as funcionalidades atrav\u00e9s de um aplicativo conetado.<\/li>\n<\/ul>\n<p>&nbsp;<\/p>\n<p><strong>Opcionais<\/strong>:<\/p>\n<ul>\n<li>Aquarite Flo Advanced com doseador<\/li>\n<li>Kit Rx Aquarite Flo Advanced<\/li>\n<li>M\u00f3dulo Wi-Fi Aquarite Flo Plus\/Advanced<\/li>\n<li>Sonda de temperatura Aquarite Flo Advanced<\/li>\n<li>Kit detetor de caudal<\/li>\n<\/ul>\n","protected":false},"excerpt":{"rendered":"<p>FLO Basic: Clorador de sal de nova gera\u00e7\u00e3o Clorador de [&hellip;]<\/p>\n","protected":false},"featured_media":677,"template":"","meta":[],"_links":{"self":[{"href":"https:\/\/rotinaspiscinas.pt\/index.php\/wp-json\/wp\/v2\/product\/674"}],"collection":[{"href":"https:\/\/rotinaspiscinas.pt\/index.php\/wp-json\/wp\/v2\/product"}],"about":[{"href":"https:\/\/rotinaspiscinas.pt\/index.php\/wp-json\/wp\/v2\/types\/product"}],"wp:featuredmedia":[{"embeddable":true,"href":"https:\/\/rotinaspiscinas.pt\/index.php\/wp-json\/wp\/v2\/media\/677"}],"wp:attachment":[{"href":"https:\/\/rotinaspiscinas.pt\/index.php\/wp-json\/wp\/v2\/media?parent=674"}],"curies":[{"name":"wp","href":"https:\/\/api.w.org\/{rel}","templated":true}]}}