{"id":675,"date":"2021-03-13T20:41:25","date_gmt":"2021-03-13T20:41:25","guid":{"rendered":"https:\/\/rotinaspiscinas.pt\/?post_type=product&#038;p=675"},"modified":"2021-03-13T20:41:25","modified_gmt":"2021-03-13T20:41:25","slug":"aquarite-hayward-hc","status":"publish","type":"product","link":"https:\/\/rotinaspiscinas.pt\/index.php\/product\/aquarite-hayward-hc\/","title":{"rendered":"AQUARITE HAYWARD HC"},"content":{"rendered":"<p>Eletrolisador e quadro de controlo com produ\u00e7\u00e3o de cloro at\u00e9 500 gr\/h<\/p>\n<ul>\n<li>Quadro de controlo integrado com eletr\u00f3lise<\/li>\n<li>Controlo dos equipamentos da piscina &#8211; filtra\u00e7\u00e3o, ilumina\u00e7\u00e3o, temperatura e mais 4 equipamentos suplementares<\/li>\n<li>Gest\u00e3o do pH<\/li>\n<li>Possibilidade de controlo de produ\u00e7\u00e3o de cloro mediante<br \/>\nsonda de ORP ou de cloro livre.<\/li>\n<li>Controlo de n\u00edvel de tanque dep\u00f3sito de corretor de ph<\/li>\n<li>Possibilidade de gest\u00e3o remota e controlo via web por Wi-Fi<\/li>\n<li>Funcionamento a partir de 3 g\/l de sal<\/li>\n<li>Possibilidade de trabalhar com \u00e1gua do mar<\/li>\n<li>Detetor de caudal<\/li>\n<li>Temperatura m\u00e1xima de trabalho 45 \u00baC<\/li>\n<li>Press\u00e3o m\u00e1xima de trabalho 4 Bar.<\/li>\n<\/ul>\n","protected":false},"excerpt":{"rendered":"<p>Eletrolisador e quadro de controlo com produ\u00e7\u00e3o de cloro at\u00e9 [&hellip;]<\/p>\n","protected":false},"featured_media":0,"template":"","meta":[],"_links":{"self":[{"href":"https:\/\/rotinaspiscinas.pt\/index.php\/wp-json\/wp\/v2\/product\/675"}],"collection":[{"href":"https:\/\/rotinaspiscinas.pt\/index.php\/wp-json\/wp\/v2\/product"}],"about":[{"href":"https:\/\/rotinaspiscinas.pt\/index.php\/wp-json\/wp\/v2\/types\/product"}],"wp:attachment":[{"href":"https:\/\/rotinaspiscinas.pt\/index.php\/wp-json\/wp\/v2\/media?parent=675"}],"curies":[{"name":"wp","href":"https:\/\/api.w.org\/{rel}","templated":true}]}}