{"id":683,"date":"2021-03-13T20:44:42","date_gmt":"2021-03-13T20:44:42","guid":{"rendered":"https:\/\/rotinaspiscinas.pt\/?post_type=product&#038;p=683"},"modified":"2021-03-13T20:44:43","modified_gmt":"2021-03-13T20:44:43","slug":"fotometro-com-bluetooth-pm630","status":"publish","type":"product","link":"https:\/\/rotinaspiscinas.pt\/index.php\/product\/fotometro-com-bluetooth-pm630\/","title":{"rendered":"Fot\u00f3metro com Bluetooth PM630"},"content":{"rendered":"<p>Fot\u00f3metro mais completo para piscina, com possibilidade de determina\u00e7\u00e3o at\u00e9 34 parametros, atrav\u00e9s de reativos Lovibond.<\/p>\n<ul>\n<li>Tem um display amplo com ilumina\u00e7\u00e3o permitindo visualizar os resultados do m\u00e9todo, assim como a informa\u00e7\u00e3o sobre a escala de medi\u00e7\u00e3o e o tempo indicado de espera de rea\u00e7\u00e3o dos reativos.<\/li>\n<li>O modelo PM630 inclui um interfasse Bluetooth que permite descarregar os dados facilmente para smartphone ou computador, utilizando a aplica\u00e7\u00e3o gr\u00e1tis da Lovibond AquaLX.<\/li>\n<li>A mala com o fotometro inclui 100 pastilhas reativas para: Cloro livre , Cloro Total, pH, \u00c1cido cian\u00farico e alcalinidade-M<\/li>\n<\/ul>\n","protected":false},"excerpt":{"rendered":"<p>Fot\u00f3metro mais completo para piscina, com possibilidade de determina\u00e7\u00e3o at\u00e9 [&hellip;]<\/p>\n","protected":false},"featured_media":687,"template":"","meta":[],"_links":{"self":[{"href":"https:\/\/rotinaspiscinas.pt\/index.php\/wp-json\/wp\/v2\/product\/683"}],"collection":[{"href":"https:\/\/rotinaspiscinas.pt\/index.php\/wp-json\/wp\/v2\/product"}],"about":[{"href":"https:\/\/rotinaspiscinas.pt\/index.php\/wp-json\/wp\/v2\/types\/product"}],"wp:featuredmedia":[{"embeddable":true,"href":"https:\/\/rotinaspiscinas.pt\/index.php\/wp-json\/wp\/v2\/media\/687"}],"wp:attachment":[{"href":"https:\/\/rotinaspiscinas.pt\/index.php\/wp-json\/wp\/v2\/media?parent=683"}],"curies":[{"name":"wp","href":"https:\/\/api.w.org\/{rel}","templated":true}]}}