{"id":692,"date":"2021-03-13T20:47:18","date_gmt":"2021-03-13T20:47:18","guid":{"rendered":"https:\/\/rotinaspiscinas.pt\/?post_type=product&#038;p=692"},"modified":"2021-03-13T20:47:18","modified_gmt":"2021-03-13T20:47:18","slug":"teste-pooltester","status":"publish","type":"product","link":"https:\/\/rotinaspiscinas.pt\/index.php\/product\/teste-pooltester\/","title":{"rendered":"Teste POOLTESTER"},"content":{"rendered":"<p>Analisador manual de comprimidos extremamente fi\u00e1vel e simples de utilizar<\/p>\n<ul>\n<li>An\u00e1lise ao cloro e pH.<\/li>\n<li>Muito f\u00e1cil de utilizar &#8211; a caixa abre para melhor utiliza\u00e7\u00e3o enquanto \u00e9 feita a an\u00e1lise da \u00e1gua.<\/li>\n<li>Para uso privado.<\/li>\n<\/ul>\n","protected":false},"excerpt":{"rendered":"<p>Analisador manual de comprimidos extremamente fi\u00e1vel e simples de utilizar [&hellip;]<\/p>\n","protected":false},"featured_media":695,"template":"","meta":[],"_links":{"self":[{"href":"https:\/\/rotinaspiscinas.pt\/index.php\/wp-json\/wp\/v2\/product\/692"}],"collection":[{"href":"https:\/\/rotinaspiscinas.pt\/index.php\/wp-json\/wp\/v2\/product"}],"about":[{"href":"https:\/\/rotinaspiscinas.pt\/index.php\/wp-json\/wp\/v2\/types\/product"}],"wp:featuredmedia":[{"embeddable":true,"href":"https:\/\/rotinaspiscinas.pt\/index.php\/wp-json\/wp\/v2\/media\/695"}],"wp:attachment":[{"href":"https:\/\/rotinaspiscinas.pt\/index.php\/wp-json\/wp\/v2\/media?parent=692"}],"curies":[{"name":"wp","href":"https:\/\/api.w.org\/{rel}","templated":true}]}}