{"id":694,"date":"2021-03-13T20:47:11","date_gmt":"2021-03-13T20:47:11","guid":{"rendered":"https:\/\/rotinaspiscinas.pt\/?post_type=product&#038;p=694"},"modified":"2021-03-13T20:47:11","modified_gmt":"2021-03-13T20:47:11","slug":"analisador-digital-trutest-para-piscinas","status":"publish","type":"product","link":"https:\/\/rotinaspiscinas.pt\/index.php\/product\/analisador-digital-trutest-para-piscinas\/","title":{"rendered":"Analisador digital TRUTEST para piscinas"},"content":{"rendered":"<p>O resultado do seu teste digital em segundos!<\/p>\n<p>Aquacheck TruTest faz leitura de cloro, bromo, Ph e alcalinidade total.<\/p>\n<ul>\n<li>Resistente \u00e0 \u00e1gua.<\/li>\n<li>Mem\u00f3ria de fun\u00e7\u00e3o armazena os \u00faltimos 9 resultados.<\/li>\n<\/ul>\n","protected":false},"excerpt":{"rendered":"<p>O resultado do seu teste digital em segundos! Aquacheck TruTest [&hellip;]<\/p>\n","protected":false},"featured_media":697,"template":"","meta":[],"_links":{"self":[{"href":"https:\/\/rotinaspiscinas.pt\/index.php\/wp-json\/wp\/v2\/product\/694"}],"collection":[{"href":"https:\/\/rotinaspiscinas.pt\/index.php\/wp-json\/wp\/v2\/product"}],"about":[{"href":"https:\/\/rotinaspiscinas.pt\/index.php\/wp-json\/wp\/v2\/types\/product"}],"wp:featuredmedia":[{"embeddable":true,"href":"https:\/\/rotinaspiscinas.pt\/index.php\/wp-json\/wp\/v2\/media\/697"}],"wp:attachment":[{"href":"https:\/\/rotinaspiscinas.pt\/index.php\/wp-json\/wp\/v2\/media?parent=694"}],"curies":[{"name":"wp","href":"https:\/\/api.w.org\/{rel}","templated":true}]}}