{"id":699,"date":"2021-03-13T20:49:50","date_gmt":"2021-03-13T20:49:50","guid":{"rendered":"https:\/\/rotinaspiscinas.pt\/?post_type=product&#038;p=699"},"modified":"2021-03-13T20:49:50","modified_gmt":"2021-03-13T20:49:50","slug":"bomba-doseadora-uv-tempo","status":"publish","type":"product","link":"https:\/\/rotinaspiscinas.pt\/index.php\/product\/bomba-doseadora-uv-tempo\/","title":{"rendered":"Bomba doseadora UV tempo"},"content":{"rendered":"<p>Bomba doseadora perist\u00e1ltica, temporizada, ideal para o doseamento de oxig\u00e9nio ativo ou algicida em piscinas at\u00e9 150m3.<\/p>\n<ul>\n<li><strong>Modo autom\u00e1tico<\/strong>\u00a0em fun\u00e7\u00e3o da DURA\u00c7\u00c3O do per\u00edodo de filtra\u00e7\u00e3o. Basta introduzir o volume da piscina (m3).<\/li>\n<li><strong>Modo semi-autom\u00e1tico<\/strong>: a quantidade m\u00ednima \u00e9 fixa e o doseamento aumenta em fun\u00e7\u00e3o do per\u00edodo de filtra\u00e7\u00e3o.<\/li>\n<li><strong>Modo fixo<\/strong>: o doseamento \u00e9 constante e di\u00e1rio em fun\u00e7\u00e3o da programa\u00e7\u00e3o inserida pelo usu\u00e1rio.<\/li>\n<\/ul>\n<p>Caudal de 1,5 lts\/h e press\u00e3o de 1,5 bar. Alimenta\u00e7\u00e3o: 230 V<\/p>\n<p>Para inje\u00e7\u00e3o de produtos em piscinas at\u00e9 150m\u00b3.<\/p>\n","protected":false},"excerpt":{"rendered":"<p>Bomba doseadora perist\u00e1ltica, temporizada, ideal para o doseamento de oxig\u00e9nio [&hellip;]<\/p>\n","protected":false},"featured_media":703,"template":"","meta":[],"_links":{"self":[{"href":"https:\/\/rotinaspiscinas.pt\/index.php\/wp-json\/wp\/v2\/product\/699"}],"collection":[{"href":"https:\/\/rotinaspiscinas.pt\/index.php\/wp-json\/wp\/v2\/product"}],"about":[{"href":"https:\/\/rotinaspiscinas.pt\/index.php\/wp-json\/wp\/v2\/types\/product"}],"wp:featuredmedia":[{"embeddable":true,"href":"https:\/\/rotinaspiscinas.pt\/index.php\/wp-json\/wp\/v2\/media\/703"}],"wp:attachment":[{"href":"https:\/\/rotinaspiscinas.pt\/index.php\/wp-json\/wp\/v2\/media?parent=699"}],"curies":[{"name":"wp","href":"https:\/\/api.w.org\/{rel}","templated":true}]}}