{"id":700,"date":"2021-03-13T20:49:52","date_gmt":"2021-03-13T20:49:52","guid":{"rendered":"https:\/\/rotinaspiscinas.pt\/?post_type=product&#038;p=700"},"modified":"2021-03-13T20:49:53","modified_gmt":"2021-03-13T20:49:53","slug":"bomba-doseadora-prim-ph-evolution-ph-e-rx","status":"publish","type":"product","link":"https:\/\/rotinaspiscinas.pt\/index.php\/product\/bomba-doseadora-prim-ph-evolution-ph-e-rx\/","title":{"rendered":"Bomba doseadora PRIM PH Evolution PH e RX"},"content":{"rendered":"<p>Regula e doseia proporcionalmente pH+ ou pH- ou cloro (mV)<\/p>\n<ul>\n<li>Consoante as necessidades da piscina.<\/li>\n<li>Para piscinas privadas at\u00e9 120 m3 (pH) e 60 m3 (cloro)<\/li>\n<li>Alarme para pH ou cloro demasiado alto ou baixo.<\/li>\n<li>Fornecida em kit completo com: V\u00e1lvula de inje\u00e7\u00e3o, 2 tomadas<br \/>\nde carga \u00d850 mm, el\u00e9trodo pH ou RX, porta sondas, tubos de<br \/>\nliga\u00e7\u00e3o, chupador, suporte e solu\u00e7\u00f5es de calibra\u00e7\u00e3o<\/li>\n<li>D\u00e9bito de 1,4 l\/h a 1Bar<\/li>\n<\/ul>\n","protected":false},"excerpt":{"rendered":"<p>Regula e doseia proporcionalmente pH+ ou pH- ou cloro (mV) [&hellip;]<\/p>\n","protected":false},"featured_media":704,"template":"","meta":[],"_links":{"self":[{"href":"https:\/\/rotinaspiscinas.pt\/index.php\/wp-json\/wp\/v2\/product\/700"}],"collection":[{"href":"https:\/\/rotinaspiscinas.pt\/index.php\/wp-json\/wp\/v2\/product"}],"about":[{"href":"https:\/\/rotinaspiscinas.pt\/index.php\/wp-json\/wp\/v2\/types\/product"}],"wp:featuredmedia":[{"embeddable":true,"href":"https:\/\/rotinaspiscinas.pt\/index.php\/wp-json\/wp\/v2\/media\/704"}],"wp:attachment":[{"href":"https:\/\/rotinaspiscinas.pt\/index.php\/wp-json\/wp\/v2\/media?parent=700"}],"curies":[{"name":"wp","href":"https:\/\/api.w.org\/{rel}","templated":true}]}}