{"id":702,"date":"2021-03-13T20:50:24","date_gmt":"2021-03-13T20:50:24","guid":{"rendered":"https:\/\/rotinaspiscinas.pt\/?post_type=product&#038;p=702"},"modified":"2021-03-13T20:50:24","modified_gmt":"2021-03-13T20:50:24","slug":"bomba-doseadora-pro-pilot-ph-rx","status":"publish","type":"product","link":"https:\/\/rotinaspiscinas.pt\/index.php\/product\/bomba-doseadora-pro-pilot-ph-rx\/","title":{"rendered":"Bomba doseadora Pro Pilot PH\/RX"},"content":{"rendered":"<p>Controlador 2 em 1, pH e cloro para piscinas at\u00e9 200 m3<\/p>\n<p><strong>INOVA\u00c7\u00c3O<\/strong><\/p>\n<ul>\n<li>O PRO Pilot regula ao mesmo tempo e pH e o cloro* (Redox) (aparelho externo n\u00e3o inclu\u00eddo).<\/li>\n<li>Mostra simultaneamente o valor do ph e o valor Redox.<\/li>\n<li>Sonda para a regula\u00e7\u00e3o de um eletrolisador de sal.<\/li>\n<li>Display em Portugu\u00eas.<\/li>\n<\/ul>\n<p>&nbsp;<\/p>\n<p><strong>POLIVALENTE<\/strong><\/p>\n<ul>\n<li>Destinado a piscinas privadas e p\u00fablicas.**<\/li>\n<li>Bomba de pH integrada para piscinas:1,5l\/h \u2013 Privada at\u00e9 150m3 e p\u00fablica at\u00e9 100m3.<\/li>\n<li>3l\/h \u2013 Privada at\u00e9 280m3 e p\u00fablica at\u00e9 180m3.<\/li>\n<li>Clora\u00e7\u00e3o: Escolher o sistema de clora\u00e7\u00e3o pretendido (eletr\u00f3lise de sal, bomba doseadora, electrov\u00e1lvula, \u2026)<\/li>\n<\/ul>\n<p>&nbsp;<\/p>\n<p><strong>SEGURO<\/strong><\/p>\n<ul>\n<li>Alarme volum\u00e9trico alerta para o esvaziamento do bidon de produto qu\u00edmico.<\/li>\n<li>Doseamento proporcional em fun\u00e7\u00e3o ao pedido de pH e cloro<\/li>\n<\/ul>\n<p>&nbsp;<\/p>\n<p>O kit de instala\u00e7\u00e3o cont\u00e9m:<\/p>\n<ul>\n<li>1 kit de instala\u00e7\u00e3o pH com porta sonda 2 em 1, a sonda de pH e o perfurador.<\/li>\n<li>1 kit de instala\u00e7\u00e3o Redox, com sonda Redox<\/li>\n<\/ul>\n","protected":false},"excerpt":{"rendered":"<p>Controlador 2 em 1, pH e cloro para piscinas at\u00e9 [&hellip;]<\/p>\n","protected":false},"featured_media":706,"template":"","meta":[],"_links":{"self":[{"href":"https:\/\/rotinaspiscinas.pt\/index.php\/wp-json\/wp\/v2\/product\/702"}],"collection":[{"href":"https:\/\/rotinaspiscinas.pt\/index.php\/wp-json\/wp\/v2\/product"}],"about":[{"href":"https:\/\/rotinaspiscinas.pt\/index.php\/wp-json\/wp\/v2\/types\/product"}],"wp:featuredmedia":[{"embeddable":true,"href":"https:\/\/rotinaspiscinas.pt\/index.php\/wp-json\/wp\/v2\/media\/706"}],"wp:attachment":[{"href":"https:\/\/rotinaspiscinas.pt\/index.php\/wp-json\/wp\/v2\/media?parent=702"}],"curies":[{"name":"wp","href":"https:\/\/api.w.org\/{rel}","templated":true}]}}