{"id":707,"date":"2021-03-13T20:52:11","date_gmt":"2021-03-13T20:52:11","guid":{"rendered":"https:\/\/rotinaspiscinas.pt\/?post_type=product&#038;p=707"},"modified":"2021-03-13T20:52:12","modified_gmt":"2021-03-13T20:52:12","slug":"bomba-doseadora-pro-pilot-duo-ph-rx","status":"publish","type":"product","link":"https:\/\/rotinaspiscinas.pt\/index.php\/product\/bomba-doseadora-pro-pilot-duo-ph-rx\/","title":{"rendered":"Bomba doseadora Pro Pilot DUO PH\/RX"},"content":{"rendered":"<p>Regula o pH e cloro para piscinas at\u00e9 80 m3.<\/p>\n<p><strong>INOVA\u00c7\u00c3O<\/strong><\/p>\n<ul>\n<li>O PROpilot regula ao mesmo tempo o pH e o cloro*<\/li>\n<li>Mostra simultaneamente o valor redox (taxa de cloro) e o valor do pH<\/li>\n<\/ul>\n<p>&nbsp;<\/p>\n<p><strong>POLIVALENTE<\/strong><\/p>\n<ul>\n<li>Dosagem ajust\u00e1vel para regular tanto os pequenos como os grandes volumes<\/li>\n<li>Destinado a piscinas privadas com bombas integradas de 1,5l\/h at\u00e9 80 m3<\/li>\n<\/ul>\n<p>&nbsp;<\/p>\n<p><strong>SEGURO<\/strong><\/p>\n<ul>\n<li>Alarme volum\u00e9trico de forma a evitar qualquer drenagem do bid\u00e3o dos produtos qu\u00edmicos<\/li>\n<li>Doseia proporcionalmente ao incremento em pH e cloro<\/li>\n<\/ul>\n<p>&nbsp;<\/p>\n<p><strong>O kit de instala\u00e7\u00e3o cont\u00e9m:<\/strong><\/p>\n<ul>\n<li>1 kit de instala\u00e7\u00e3o pH e RX com dois suportes de sondas 2 em 1<\/li>\n<li>As sondas pH e RX<\/li>\n<li>Ferramenta de perfurar.<\/li>\n<\/ul>\n","protected":false},"excerpt":{"rendered":"<p>Regula o pH e cloro para piscinas at\u00e9 80 m3. [&hellip;]<\/p>\n","protected":false},"featured_media":709,"template":"","meta":[],"_links":{"self":[{"href":"https:\/\/rotinaspiscinas.pt\/index.php\/wp-json\/wp\/v2\/product\/707"}],"collection":[{"href":"https:\/\/rotinaspiscinas.pt\/index.php\/wp-json\/wp\/v2\/product"}],"about":[{"href":"https:\/\/rotinaspiscinas.pt\/index.php\/wp-json\/wp\/v2\/types\/product"}],"wp:featuredmedia":[{"embeddable":true,"href":"https:\/\/rotinaspiscinas.pt\/index.php\/wp-json\/wp\/v2\/media\/709"}],"wp:attachment":[{"href":"https:\/\/rotinaspiscinas.pt\/index.php\/wp-json\/wp\/v2\/media?parent=707"}],"curies":[{"name":"wp","href":"https:\/\/api.w.org\/{rel}","templated":true}]}}