{"id":735,"date":"2021-03-13T21:01:57","date_gmt":"2021-03-13T21:01:57","guid":{"rendered":"https:\/\/rotinaspiscinas.pt\/?post_type=product&#038;p=735"},"modified":"2021-03-13T21:01:57","modified_gmt":"2021-03-13T21:01:57","slug":"tela-armada-stoneflex","status":"publish","type":"product","link":"https:\/\/rotinaspiscinas.pt\/index.php\/product\/tela-armada-stoneflex\/","title":{"rendered":"Tela Armada Stoneflex"},"content":{"rendered":"<p>A nossa gama exclusiva de designs StoneFlex permite construir ou renovar uma piscina utilizando uma membrana \u00e0 prova de \u00e1gua com<br \/>\numa superf\u00edcie 3D que parece uma pedra real. As membranas StoneFlex s\u00e3o formuladas com um revestimento de superf\u00edcie aprimorado que garante resist\u00eancia superior a manchas, f\u00e1cil limpeza e resist\u00eancia UV excecional, bem como uma sensa\u00e7\u00e3o de pedra seca e ader\u00eancia antiderrapante.<\/p>\n<p>As superf\u00edcies StoneFlex s\u00e3o revestidas com 6 camadas de revestimento acr\u00edlico protetor e possuem uma classifica\u00e7\u00e3o B de resist\u00eancia ao deslizamento.<\/p>\n","protected":false},"excerpt":{"rendered":"<p>A nossa gama exclusiva de designs StoneFlex permite construir ou [&hellip;]<\/p>\n","protected":false},"featured_media":737,"template":"","meta":[],"_links":{"self":[{"href":"https:\/\/rotinaspiscinas.pt\/index.php\/wp-json\/wp\/v2\/product\/735"}],"collection":[{"href":"https:\/\/rotinaspiscinas.pt\/index.php\/wp-json\/wp\/v2\/product"}],"about":[{"href":"https:\/\/rotinaspiscinas.pt\/index.php\/wp-json\/wp\/v2\/types\/product"}],"wp:featuredmedia":[{"embeddable":true,"href":"https:\/\/rotinaspiscinas.pt\/index.php\/wp-json\/wp\/v2\/media\/737"}],"wp:attachment":[{"href":"https:\/\/rotinaspiscinas.pt\/index.php\/wp-json\/wp\/v2\/media?parent=735"}],"curies":[{"name":"wp","href":"https:\/\/api.w.org\/{rel}","templated":true}]}}