{"id":736,"date":"2021-03-13T21:02:19","date_gmt":"2021-03-13T21:02:19","guid":{"rendered":"https:\/\/rotinaspiscinas.pt\/?post_type=product&#038;p=736"},"modified":"2021-03-13T21:02:20","modified_gmt":"2021-03-13T21:02:20","slug":"tela-armada-snapir","status":"publish","type":"product","link":"https:\/\/rotinaspiscinas.pt\/index.php\/product\/tela-armada-snapir\/","title":{"rendered":"Tela Armada SNAPIR"},"content":{"rendered":"<p>A gama SNAPIR \u00e9 lacada com propriedades de revestimento avan\u00e7adas. Tecnologia de impress\u00e3o profunda melhorada, com pigmentos para exterior em p\u00e9rola &amp; vidro.<\/p>\n<p>Proporciona um revestimento superior, atualizado com uma s\u00f3lida resist\u00eancia ao cloro, UV e desgaste. Impress\u00e3o seca n\u00e3o-pl\u00e1stica, assim como uma sensa\u00e7\u00e3o de profundidade, com designs atualizados.<\/p>\n","protected":false},"excerpt":{"rendered":"<p>A gama SNAPIR \u00e9 lacada com propriedades de revestimento avan\u00e7adas. [&hellip;]<\/p>\n","protected":false},"featured_media":738,"template":"","meta":[],"_links":{"self":[{"href":"https:\/\/rotinaspiscinas.pt\/index.php\/wp-json\/wp\/v2\/product\/736"}],"collection":[{"href":"https:\/\/rotinaspiscinas.pt\/index.php\/wp-json\/wp\/v2\/product"}],"about":[{"href":"https:\/\/rotinaspiscinas.pt\/index.php\/wp-json\/wp\/v2\/types\/product"}],"wp:featuredmedia":[{"embeddable":true,"href":"https:\/\/rotinaspiscinas.pt\/index.php\/wp-json\/wp\/v2\/media\/738"}],"wp:attachment":[{"href":"https:\/\/rotinaspiscinas.pt\/index.php\/wp-json\/wp\/v2\/media?parent=736"}],"curies":[{"name":"wp","href":"https:\/\/api.w.org\/{rel}","templated":true}]}}