{"id":744,"date":"2021-03-13T21:04:33","date_gmt":"2021-03-13T21:04:33","guid":{"rendered":"https:\/\/rotinaspiscinas.pt\/?post_type=product&#038;p=744"},"modified":"2021-03-13T21:04:34","modified_gmt":"2021-03-13T21:04:34","slug":"tela-para-piscinas-naturais","status":"publish","type":"product","link":"https:\/\/rotinaspiscinas.pt\/index.php\/product\/tela-para-piscinas-naturais\/","title":{"rendered":"TELA PARA PISCINAS NATURAIS"},"content":{"rendered":"<p>As membranas PROFLEX s\u00e3o a solu\u00e7\u00e3o ideal para a estanquecidade da \u00e1gua em piscinas naturais. Os materiais s\u00e3o esteticamente agrad\u00e1veis, constru\u00eddos para durar, f\u00e1ceis de limpar e manter, e extremamente resistentes \u00e0 radia\u00e7\u00e3o UV e outras for\u00e7as corrosivas. A qualidade superior das membranas \u2013 incluindo a sua\u00a0durabilidade, flexibilidade, resist\u00eancia \u00e0 degrada\u00e7\u00e3o e facilidade de instala\u00e7\u00e3o &#8211; s\u00e3o o complemento perfeito para qualquer projeto de piscina natural, seja para a contru\u00e7\u00e3o de uma nova piscina ou para a renova\u00e7\u00e3o de uma j\u00e1 existente.<\/p>\n","protected":false},"excerpt":{"rendered":"<p>As membranas PROFLEX s\u00e3o a solu\u00e7\u00e3o ideal para a estanquecidade [&hellip;]<\/p>\n","protected":false},"featured_media":747,"template":"","meta":[],"_links":{"self":[{"href":"https:\/\/rotinaspiscinas.pt\/index.php\/wp-json\/wp\/v2\/product\/744"}],"collection":[{"href":"https:\/\/rotinaspiscinas.pt\/index.php\/wp-json\/wp\/v2\/product"}],"about":[{"href":"https:\/\/rotinaspiscinas.pt\/index.php\/wp-json\/wp\/v2\/types\/product"}],"wp:featuredmedia":[{"embeddable":true,"href":"https:\/\/rotinaspiscinas.pt\/index.php\/wp-json\/wp\/v2\/media\/747"}],"wp:attachment":[{"href":"https:\/\/rotinaspiscinas.pt\/index.php\/wp-json\/wp\/v2\/media?parent=744"}],"curies":[{"name":"wp","href":"https:\/\/api.w.org\/{rel}","templated":true}]}}