{"id":749,"date":"2021-03-13T21:07:19","date_gmt":"2021-03-13T21:07:19","guid":{"rendered":"https:\/\/rotinaspiscinas.pt\/?post_type=product&#038;p=749"},"modified":"2021-03-13T21:07:19","modified_gmt":"2021-03-13T21:07:19","slug":"linha-gemma","status":"publish","type":"product","link":"https:\/\/rotinaspiscinas.pt\/index.php\/product\/linha-gemma\/","title":{"rendered":"LINHA GEMMA"},"content":{"rendered":"<p>A cole\u00e7\u00e3o GEMMA foi inspirada em Gemma Mengual, considerada uma das melhores nadadoras de nata\u00e7\u00e3o sincronizada de todos os tempos e que aceitou ceder a sua imagem a esta cole\u00e7\u00e3o.<\/p>\n<p>A palavra gemma vem originalmente do latim, e significa pedra preciosa em espanhol. A Cole\u00e7\u00e3o Gemma \u00e9 inspirada nas pedras preciosas, e<br \/>\npossui muitas das suas virtudes : singularidade, brilho, durabilidade, respeito pelo ambiente, e uma beleza extraordin\u00e1ria.<\/p>\n<p>A cole\u00e7\u00e3o BRILHA de uma forma natural. O seu acabamento brilhante real\u00e7a a luz e projeta reflexos que iluminam cada canto da piscina, ao<br \/>\nmesmo tempo que cria uma atmosfera mais quente.<\/p>\n","protected":false},"excerpt":{"rendered":"<p>A cole\u00e7\u00e3o GEMMA foi inspirada em Gemma Mengual, considerada uma [&hellip;]<\/p>\n","protected":false},"featured_media":753,"template":"","meta":[],"_links":{"self":[{"href":"https:\/\/rotinaspiscinas.pt\/index.php\/wp-json\/wp\/v2\/product\/749"}],"collection":[{"href":"https:\/\/rotinaspiscinas.pt\/index.php\/wp-json\/wp\/v2\/product"}],"about":[{"href":"https:\/\/rotinaspiscinas.pt\/index.php\/wp-json\/wp\/v2\/types\/product"}],"wp:featuredmedia":[{"embeddable":true,"href":"https:\/\/rotinaspiscinas.pt\/index.php\/wp-json\/wp\/v2\/media\/753"}],"wp:attachment":[{"href":"https:\/\/rotinaspiscinas.pt\/index.php\/wp-json\/wp\/v2\/media?parent=749"}],"curies":[{"name":"wp","href":"https:\/\/api.w.org\/{rel}","templated":true}]}}