{"id":789,"date":"2021-03-13T21:24:12","date_gmt":"2021-03-13T21:24:12","guid":{"rendered":"https:\/\/rotinaspiscinas.pt\/?post_type=product&#038;p=789"},"modified":"2021-03-13T21:24:13","modified_gmt":"2021-03-13T21:24:13","slug":"piscina-de-madeira-gardipool-quartoo","status":"publish","type":"product","link":"https:\/\/rotinaspiscinas.pt\/index.php\/product\/piscina-de-madeira-gardipool-quartoo\/","title":{"rendered":"Piscina de madeira Gardipool QUARTOO"},"content":{"rendered":"<p>Nos modelos QUARTOO est\u00e3o dispon\u00edveis as op\u00e7\u00f5es de transbordo, na largura e comprimento.<\/p>\n<ul>\n<li>300&#215;500\/133<\/li>\n<li>350&#215;350\/133<\/li>\n<li>350&#215;660\/133<\/li>\n<li>390&#215;820\/146<\/li>\n<li>350&#215;980\/146<\/li>\n<\/ul>\n","protected":false},"excerpt":{"rendered":"<p>Nos modelos QUARTOO est\u00e3o dispon\u00edveis as op\u00e7\u00f5es de transbordo, na [&hellip;]<\/p>\n","protected":false},"featured_media":794,"template":"","meta":[],"_links":{"self":[{"href":"https:\/\/rotinaspiscinas.pt\/index.php\/wp-json\/wp\/v2\/product\/789"}],"collection":[{"href":"https:\/\/rotinaspiscinas.pt\/index.php\/wp-json\/wp\/v2\/product"}],"about":[{"href":"https:\/\/rotinaspiscinas.pt\/index.php\/wp-json\/wp\/v2\/types\/product"}],"wp:featuredmedia":[{"embeddable":true,"href":"https:\/\/rotinaspiscinas.pt\/index.php\/wp-json\/wp\/v2\/media\/794"}],"wp:attachment":[{"href":"https:\/\/rotinaspiscinas.pt\/index.php\/wp-json\/wp\/v2\/media?parent=789"}],"curies":[{"name":"wp","href":"https:\/\/api.w.org\/{rel}","templated":true}]}}