{"id":801,"date":"2021-03-13T21:28:54","date_gmt":"2021-03-13T21:28:54","guid":{"rendered":"https:\/\/rotinaspiscinas.pt\/?post_type=product&#038;p=801"},"modified":"2021-03-13T21:28:54","modified_gmt":"2021-03-13T21:28:54","slug":"rolltrot","status":"publish","type":"product","link":"https:\/\/rotinaspiscinas.pt\/index.php\/product\/rolltrot\/","title":{"rendered":"ROLLTROT"},"content":{"rendered":"<p>Motoriza\u00e7\u00e3o autom\u00e1tica<\/p>\n<ul>\n<li>Para coberturas de barras &#8211; Rolltrot.<\/li>\n<li>O Rolltrot funciona com uma bateria integrada de 12V; basta lig\u00e1-lo \u00e0 corrente uma vez por semana para carregar (cerca de 10 enrolamentos).<\/li>\n<li>Com garantia de dois anos.<\/li>\n<li>Peso: 5,3 kg.<\/li>\n<li>O motor coloca-se no oposto da zona de arrumo da cobertura, e do lado direito da piscina, \u00e9 poss\u00edvel coloc\u00e1-lo do lado esquerdo com o adaptador.<\/li>\n<li>Enrolamento: 3 minutos (piscina de 10 x 5 m sem escada)<\/li>\n<li>Sob encomenda.<\/li>\n<\/ul>\n","protected":false},"excerpt":{"rendered":"<p>Motoriza\u00e7\u00e3o autom\u00e1tica Para coberturas de barras &#8211; Rolltrot. O Rolltrot [&hellip;]<\/p>\n","protected":false},"featured_media":806,"template":"","meta":[],"_links":{"self":[{"href":"https:\/\/rotinaspiscinas.pt\/index.php\/wp-json\/wp\/v2\/product\/801"}],"collection":[{"href":"https:\/\/rotinaspiscinas.pt\/index.php\/wp-json\/wp\/v2\/product"}],"about":[{"href":"https:\/\/rotinaspiscinas.pt\/index.php\/wp-json\/wp\/v2\/types\/product"}],"wp:featuredmedia":[{"embeddable":true,"href":"https:\/\/rotinaspiscinas.pt\/index.php\/wp-json\/wp\/v2\/media\/806"}],"wp:attachment":[{"href":"https:\/\/rotinaspiscinas.pt\/index.php\/wp-json\/wp\/v2\/media?parent=801"}],"curies":[{"name":"wp","href":"https:\/\/api.w.org\/{rel}","templated":true}]}}