{"id":815,"date":"2021-03-13T21:31:52","date_gmt":"2021-03-13T21:31:52","guid":{"rendered":"https:\/\/rotinaspiscinas.pt\/?post_type=product&#038;p=815"},"modified":"2021-03-13T21:31:53","modified_gmt":"2021-03-13T21:31:53","slug":"cobertura-geobubble-500-microns","status":"publish","type":"product","link":"https:\/\/rotinaspiscinas.pt\/index.php\/product\/cobertura-geobubble-500-microns\/","title":{"rendered":"Cobertura GeoBubble (500 Microns)"},"content":{"rendered":"<ul>\n<li>A nova gera\u00e7\u00e3o das coberturas de bolhas premium feitas \u00e0 sua medida<\/li>\n<li>500 microns<\/li>\n<li>maior resist\u00eancia<\/li>\n<li>maior capacidade t\u00e9rmica<\/li>\n<li>dimens\u00e3o m\u00e1xima da cobertura: at\u00e9 100 m2<\/li>\n<\/ul>\n","protected":false},"excerpt":{"rendered":"<p>A nova gera\u00e7\u00e3o das coberturas de bolhas premium feitas \u00e0 [&hellip;]<\/p>\n","protected":false},"featured_media":818,"template":"","meta":[],"_links":{"self":[{"href":"https:\/\/rotinaspiscinas.pt\/index.php\/wp-json\/wp\/v2\/product\/815"}],"collection":[{"href":"https:\/\/rotinaspiscinas.pt\/index.php\/wp-json\/wp\/v2\/product"}],"about":[{"href":"https:\/\/rotinaspiscinas.pt\/index.php\/wp-json\/wp\/v2\/types\/product"}],"wp:featuredmedia":[{"embeddable":true,"href":"https:\/\/rotinaspiscinas.pt\/index.php\/wp-json\/wp\/v2\/media\/818"}],"wp:attachment":[{"href":"https:\/\/rotinaspiscinas.pt\/index.php\/wp-json\/wp\/v2\/media?parent=815"}],"curies":[{"name":"wp","href":"https:\/\/api.w.org\/{rel}","templated":true}]}}