{"id":816,"date":"2021-03-13T21:32:31","date_gmt":"2021-03-13T21:32:31","guid":{"rendered":"https:\/\/rotinaspiscinas.pt\/?post_type=product&#038;p=816"},"modified":"2021-03-13T21:32:31","modified_gmt":"2021-03-13T21:32:31","slug":"cobertura-solar-reforcada-700-microns","status":"publish","type":"product","link":"https:\/\/rotinaspiscinas.pt\/index.php\/product\/cobertura-solar-reforcada-700-microns\/","title":{"rendered":"Cobertura Solar refor\u00e7ada 700 Microns"},"content":{"rendered":"<ul>\n<li>Refor\u00e7o de poliolefina, resistente a rasg\u00f5es.<\/li>\n<li>Para uso dom\u00e9stico ou de pequenas piscinas comerciais.<\/li>\n<li>700 Microns (560 gr\/m2)<\/li>\n<li>Temperatura da \u00e1gua at\u00e9 30 \u00baC<\/li>\n<li>Possibilidade de bainha azul.<\/li>\n<\/ul>\n","protected":false},"excerpt":{"rendered":"<p>Refor\u00e7o de poliolefina, resistente a rasg\u00f5es. Para uso dom\u00e9stico ou [&hellip;]<\/p>\n","protected":false},"featured_media":819,"template":"","meta":[],"_links":{"self":[{"href":"https:\/\/rotinaspiscinas.pt\/index.php\/wp-json\/wp\/v2\/product\/816"}],"collection":[{"href":"https:\/\/rotinaspiscinas.pt\/index.php\/wp-json\/wp\/v2\/product"}],"about":[{"href":"https:\/\/rotinaspiscinas.pt\/index.php\/wp-json\/wp\/v2\/types\/product"}],"wp:featuredmedia":[{"embeddable":true,"href":"https:\/\/rotinaspiscinas.pt\/index.php\/wp-json\/wp\/v2\/media\/819"}],"wp:attachment":[{"href":"https:\/\/rotinaspiscinas.pt\/index.php\/wp-json\/wp\/v2\/media?parent=816"}],"curies":[{"name":"wp","href":"https:\/\/api.w.org\/{rel}","templated":true}]}}