{"id":821,"date":"2021-03-13T21:33:44","date_gmt":"2021-03-13T21:33:44","guid":{"rendered":"https:\/\/rotinaspiscinas.pt\/?post_type=product&#038;p=821"},"modified":"2021-03-13T21:33:45","modified_gmt":"2021-03-13T21:33:45","slug":"enrolador-plus","status":"publish","type":"product","link":"https:\/\/rotinaspiscinas.pt\/index.php\/product\/enrolador-plus\/","title":{"rendered":"Enrolador PLUS"},"content":{"rendered":"<ul>\n<li>Enroladores para coberturas solares e t\u00e9rmicas at\u00e9 500 g\/m2<\/li>\n<li>2 medidas dispon\u00edveis: 4,0 a 5,5 m e 5,5 a 7,25 m<\/li>\n<li>Tubo telesc\u00f3pico em alum\u00ednio de 100 mm de di\u00e2metro<\/li>\n<li>Suportes em a\u00e7o inox em forma de T invertido de 50 mm de di\u00e2metro e 1,5 mm de espessura.<\/li>\n<\/ul>\n","protected":false},"excerpt":{"rendered":"<p>Enroladores para coberturas solares e t\u00e9rmicas at\u00e9 500 g\/m2 2 [&hellip;]<\/p>\n","protected":false},"featured_media":822,"template":"","meta":[],"_links":{"self":[{"href":"https:\/\/rotinaspiscinas.pt\/index.php\/wp-json\/wp\/v2\/product\/821"}],"collection":[{"href":"https:\/\/rotinaspiscinas.pt\/index.php\/wp-json\/wp\/v2\/product"}],"about":[{"href":"https:\/\/rotinaspiscinas.pt\/index.php\/wp-json\/wp\/v2\/types\/product"}],"wp:featuredmedia":[{"embeddable":true,"href":"https:\/\/rotinaspiscinas.pt\/index.php\/wp-json\/wp\/v2\/media\/822"}],"wp:attachment":[{"href":"https:\/\/rotinaspiscinas.pt\/index.php\/wp-json\/wp\/v2\/media?parent=821"}],"curies":[{"name":"wp","href":"https:\/\/api.w.org\/{rel}","templated":true}]}}