{"id":824,"date":"2021-03-13T21:35:02","date_gmt":"2021-03-13T21:35:02","guid":{"rendered":"https:\/\/rotinaspiscinas.pt\/?post_type=product&#038;p=824"},"modified":"2021-03-13T21:35:03","modified_gmt":"2021-03-13T21:35:03","slug":"enrolador-flexinox-ate-500-gr-m2","status":"publish","type":"product","link":"https:\/\/rotinaspiscinas.pt\/index.php\/product\/enrolador-flexinox-ate-500-gr-m2\/","title":{"rendered":"Enrolador Flexinox at\u00e9 500 GR\/M2"},"content":{"rendered":"<ul>\n<li>Enroladores para coberturas solares e t\u00e9rmicas at\u00e9 500 g\/m2<\/li>\n<li>Suportes em a\u00e7o Inox AISI 304 \u00d843.<\/li>\n<li>Veio telesc\u00f3pico em alum\u00ednio anodizado de \u00d8 110.<\/li>\n<li>Com manivela de arraste de 140 mm de raio e trav\u00e3o de seguran\u00e7a.<\/li>\n<li>Tiras de fixa\u00e7\u00e3o \u00e0 cobertura inclu\u00eddas.<\/li>\n<\/ul>\n","protected":false},"excerpt":{"rendered":"<p>Enroladores para coberturas solares e t\u00e9rmicas at\u00e9 500 g\/m2 Suportes [&hellip;]<\/p>\n","protected":false},"featured_media":826,"template":"","meta":[],"_links":{"self":[{"href":"https:\/\/rotinaspiscinas.pt\/index.php\/wp-json\/wp\/v2\/product\/824"}],"collection":[{"href":"https:\/\/rotinaspiscinas.pt\/index.php\/wp-json\/wp\/v2\/product"}],"about":[{"href":"https:\/\/rotinaspiscinas.pt\/index.php\/wp-json\/wp\/v2\/types\/product"}],"wp:featuredmedia":[{"embeddable":true,"href":"https:\/\/rotinaspiscinas.pt\/index.php\/wp-json\/wp\/v2\/media\/826"}],"wp:attachment":[{"href":"https:\/\/rotinaspiscinas.pt\/index.php\/wp-json\/wp\/v2\/media?parent=824"}],"curies":[{"name":"wp","href":"https:\/\/api.w.org\/{rel}","templated":true}]}}