{"id":829,"date":"2021-03-13T21:36:15","date_gmt":"2021-03-13T21:36:15","guid":{"rendered":"https:\/\/rotinaspiscinas.pt\/?post_type=product&#038;p=829"},"modified":"2021-03-13T21:36:15","modified_gmt":"2021-03-13T21:36:15","slug":"modelo-immbox","status":"publish","type":"product","link":"https:\/\/rotinaspiscinas.pt\/index.php\/product\/modelo-immbox\/","title":{"rendered":"Modelo IMM&#8217;BOX"},"content":{"rendered":"<p><strong>A persiana submersa ideal para as piscinas de grande dimens\u00e3o.<\/strong><\/p>\n<ul>\n<li>Conforme : Todas as persianas Abriblue cumprem a norma Seguran\u00e7a Piscinas NF P90-308.<\/li>\n<li>Motor situado numa caixa seca :Fora da piscina e no prolongamento do eixo.<\/li>\n<li>Pr\u00e1tica e design :A ergonomia e o conforto em total simplicidade com a caixa de comando sem fi o Abriblue<\/li>\n<li>Discreta &amp; est\u00e9tica : Passa despercebida debaixo do pavimento de ripas.<\/li>\n<li>Qualidade at\u00e9 ao \u00falti mo pormenor : Acabamento irrepreens\u00edvel para as aletas de l\u00e2minas perfiladas. As tampas soldadas por ultrassom(2) proporcionam fiabilidade e qualidade.<\/li>\n<li>Solu\u00e7\u00e3o econ\u00f3mica : Uma evapora\u00e7\u00e3o m\u00ednima. Um melhor equil\u00edbrio t\u00e9rmico para uma mais longa utiliza\u00e7\u00e3o da piscina a baixo custo. Uma \u00e1gua mais limpa.<\/li>\n<li>Equipada de fins de curso : Numa volta de chave e em 3 minutos, a persiana enrola-se ou desenrola-se. As posi\u00e7\u00f5es de fim de curso s\u00e3o ajustadas e geridas uma vez para todas.<\/li>\n<li>Conectada : Pode ser acoplada, de s\u00e9rie, ao seu sistema de tratamento de \u00e1gua para uma regula\u00e7\u00e3o adaptada. Essencial porque permite aumentar consideravelmente a dura\u00e7\u00e3o de vida da persiana, e reduzir o consumo de produtos de tratamento.<\/li>\n<\/ul>\n","protected":false},"excerpt":{"rendered":"<p>A persiana submersa ideal para as piscinas de grande dimens\u00e3o. [&hellip;]<\/p>\n","protected":false},"featured_media":831,"template":"","meta":[],"_links":{"self":[{"href":"https:\/\/rotinaspiscinas.pt\/index.php\/wp-json\/wp\/v2\/product\/829"}],"collection":[{"href":"https:\/\/rotinaspiscinas.pt\/index.php\/wp-json\/wp\/v2\/product"}],"about":[{"href":"https:\/\/rotinaspiscinas.pt\/index.php\/wp-json\/wp\/v2\/types\/product"}],"wp:featuredmedia":[{"embeddable":true,"href":"https:\/\/rotinaspiscinas.pt\/index.php\/wp-json\/wp\/v2\/media\/831"}],"wp:attachment":[{"href":"https:\/\/rotinaspiscinas.pt\/index.php\/wp-json\/wp\/v2\/media?parent=829"}],"curies":[{"name":"wp","href":"https:\/\/api.w.org\/{rel}","templated":true}]}}