{"id":834,"date":"2021-03-13T21:38:33","date_gmt":"2021-03-13T21:38:33","guid":{"rendered":"https:\/\/rotinaspiscinas.pt\/?post_type=product&#038;p=834"},"modified":"2021-03-13T21:38:33","modified_gmt":"2021-03-13T21:38:33","slug":"modelo-depso","status":"publish","type":"product","link":"https:\/\/rotinaspiscinas.pt\/index.php\/product\/modelo-depso\/","title":{"rendered":"MODELO DEPSO"},"content":{"rendered":"<p><strong>A primeira persiana de seguran\u00e7a retr\u00e1til, autom\u00e1tica e totalmente integrada<\/strong><\/p>\n<p>Deepso\u00a0 permite\u00a0 n\u00e3o\u00a0 perder\u00a0 nenhum\u00a0 volume\u00a0 de\u00a0 nado.\u00a0 N\u00e3o\u00a0 obstrui\u00a0 a\u00a0 praia e deixa total liberdade de acesso \u00e0 piscina. Como? Gra\u00e7as\u00a0\u00a0 ao\u00a0\u00a0 seu\u00a0\u00a0 sistema\u00a0\u00a0 exclusivo\u00a0\u00a0 mec\u00e2nico\u00a0\u00a0 e\u00a0\u00a0 hidr\u00e1ulico\u00a0\u00a0 totalmente\u00a0\u00a0 automatizado, a estrutura do Deepso s\u00f3 \u00e9 vis\u00edvel durante as fases de abertura e fecho do tabuleiro. Durante o tempo restante? Passa despercebida debaixo da praia amov\u00edvel.<\/p>\n<p>Vai Gostar :<\/p>\n<ul>\n<li>Prote\u00e7\u00e3o da piscina sem esfor\u00e7o.<\/li>\n<li>\u00c1gua limpa, piscina protegida.<\/li>\n<li>Discri\u00e7\u00e3o e est\u00e9tica: a persiana desaparece debaixo da praia amov\u00edvel.<\/li>\n<li>O equipamento permite n\u00e3o perder nenhum volume de nado na piscina.<\/li>\n<li>Sistema exclusivo de desdobramento automatizado.<\/li>\n<li>Eixo em comp\u00f3sito, resistente e insens\u00edvel \u00e0 corros\u00e3o.<\/li>\n<li>V\u00e1rias possibilidades de personaliza\u00e7\u00e3o: 7 cores de l\u00e2minas, 1 estrado de madeira, 4 cores de estrados em PVC ou alum\u00ednio.<\/li>\n<li>Ideal para piscinas novas ou em renova\u00e7\u00e3o.<\/li>\n<li>Em conformidade com a norma seguran\u00e7a piscina NF P 90-308.<\/li>\n<li>Fabrico franc\u00eas.<\/li>\n<\/ul>\n","protected":false},"excerpt":{"rendered":"<p>A primeira persiana de seguran\u00e7a retr\u00e1til, autom\u00e1tica e totalmente integrada [&hellip;]<\/p>\n","protected":false},"featured_media":837,"template":"","meta":[],"_links":{"self":[{"href":"https:\/\/rotinaspiscinas.pt\/index.php\/wp-json\/wp\/v2\/product\/834"}],"collection":[{"href":"https:\/\/rotinaspiscinas.pt\/index.php\/wp-json\/wp\/v2\/product"}],"about":[{"href":"https:\/\/rotinaspiscinas.pt\/index.php\/wp-json\/wp\/v2\/types\/product"}],"wp:featuredmedia":[{"embeddable":true,"href":"https:\/\/rotinaspiscinas.pt\/index.php\/wp-json\/wp\/v2\/media\/837"}],"wp:attachment":[{"href":"https:\/\/rotinaspiscinas.pt\/index.php\/wp-json\/wp\/v2\/media?parent=834"}],"curies":[{"name":"wp","href":"https:\/\/api.w.org\/{rel}","templated":true}]}}