{"id":841,"date":"2021-03-13T21:40:23","date_gmt":"2021-03-13T21:40:23","guid":{"rendered":"https:\/\/rotinaspiscinas.pt\/?post_type=product&#038;p=841"},"modified":"2021-03-13T21:40:23","modified_gmt":"2021-03-13T21:40:23","slug":"cobertura-piscina-modelo-open-aero","status":"publish","type":"product","link":"https:\/\/rotinaspiscinas.pt\/index.php\/product\/cobertura-piscina-modelo-open-aero\/","title":{"rendered":"Cobertura piscina : Modelo Open Aero"},"content":{"rendered":"<p><strong>A tecnologia e o design ao servi\u00e7o do seu bem-estar<\/strong><\/p>\n<ul>\n<li>\u00c9 finalmente poss\u00edvel controlar a sua cobertura atrav\u00e9s de um smartphone gra\u00e7as a uma aplica\u00e7\u00e3o dedicada.<\/li>\n<li>Abrir e fechar a sua piscina com um ambiente noturno \u00e0 medida, gra\u00e7as aos p\u00e9s luminosos e \u00e0 variada paleta de cores<\/li>\n<\/ul>\n","protected":false},"excerpt":{"rendered":"<p>A tecnologia e o design ao servi\u00e7o do seu bem-estar [&hellip;]<\/p>\n","protected":false},"featured_media":845,"template":"","meta":[],"_links":{"self":[{"href":"https:\/\/rotinaspiscinas.pt\/index.php\/wp-json\/wp\/v2\/product\/841"}],"collection":[{"href":"https:\/\/rotinaspiscinas.pt\/index.php\/wp-json\/wp\/v2\/product"}],"about":[{"href":"https:\/\/rotinaspiscinas.pt\/index.php\/wp-json\/wp\/v2\/types\/product"}],"wp:featuredmedia":[{"embeddable":true,"href":"https:\/\/rotinaspiscinas.pt\/index.php\/wp-json\/wp\/v2\/media\/845"}],"wp:attachment":[{"href":"https:\/\/rotinaspiscinas.pt\/index.php\/wp-json\/wp\/v2\/media?parent=841"}],"curies":[{"name":"wp","href":"https:\/\/api.w.org\/{rel}","templated":true}]}}