{"id":844,"date":"2021-03-13T21:41:00","date_gmt":"2021-03-13T21:41:00","guid":{"rendered":"https:\/\/rotinaspiscinas.pt\/?post_type=product&#038;p=844"},"modified":"2021-03-13T21:41:01","modified_gmt":"2021-03-13T21:41:01","slug":"cobertura-piscina-modelo-open-classic","status":"publish","type":"product","link":"https:\/\/rotinaspiscinas.pt\/index.php\/product\/cobertura-piscina-modelo-open-classic\/","title":{"rendered":"Cobertura piscina : Modelo Open Classic"},"content":{"rendered":"<p><strong>Cobertura preparada para dimens\u00f5es m\u00e1ximas de 7,00 x 14 mts, no entanto o seu sistema de utiliza\u00e7\u00e3o \u00e9 muito simples de usar.<\/strong><\/p>\n<ul>\n<li>Tem sistema de seguran\u00e7a Coverlock e as posi\u00e7\u00f5es de fim de curso s\u00e3o reguladas uma vez para todas.<\/li>\n<li>Tem a possibilidade de aplicar Wing System, o que permite cobrir e proteger as superficies laterais da piscina.<\/li>\n<li>As motoriza\u00e7\u00f5es s\u00e3o de 120 Nm ou 200 Nm conforme as dimens\u00f5es da cobertura.<\/li>\n<\/ul>\n","protected":false},"excerpt":{"rendered":"<p>Cobertura preparada para dimens\u00f5es m\u00e1ximas de 7,00 x 14 mts, [&hellip;]<\/p>\n","protected":false},"featured_media":847,"template":"","meta":[],"_links":{"self":[{"href":"https:\/\/rotinaspiscinas.pt\/index.php\/wp-json\/wp\/v2\/product\/844"}],"collection":[{"href":"https:\/\/rotinaspiscinas.pt\/index.php\/wp-json\/wp\/v2\/product"}],"about":[{"href":"https:\/\/rotinaspiscinas.pt\/index.php\/wp-json\/wp\/v2\/types\/product"}],"wp:featuredmedia":[{"embeddable":true,"href":"https:\/\/rotinaspiscinas.pt\/index.php\/wp-json\/wp\/v2\/media\/847"}],"wp:attachment":[{"href":"https:\/\/rotinaspiscinas.pt\/index.php\/wp-json\/wp\/v2\/media?parent=844"}],"curies":[{"name":"wp","href":"https:\/\/api.w.org\/{rel}","templated":true}]}}