{"id":848,"date":"2021-03-13T21:41:53","date_gmt":"2021-03-13T21:41:53","guid":{"rendered":"https:\/\/rotinaspiscinas.pt\/?post_type=product&#038;p=848"},"modified":"2021-03-13T21:41:54","modified_gmt":"2021-03-13T21:41:54","slug":"cobertura-piscina-modelo-open-solar-energy","status":"publish","type":"product","link":"https:\/\/rotinaspiscinas.pt\/index.php\/product\/cobertura-piscina-modelo-open-solar-energy\/","title":{"rendered":"Cobertura piscina : Modelo Open Solar Energy"},"content":{"rendered":"<p><strong>Cobertura com 2 suportes laterais lacados a branco para fixa\u00e7\u00e3o na bordadura da piscina &#8211; instala\u00e7\u00e3o f\u00e1cil e r\u00e1pida.<\/strong><\/p>\n<ul>\n<li>A alimenta\u00e7\u00e3o do motor (24V) \u00e9 assegurada por 2 baterias reguladas electronicamente e alimentadas por um painel fotovoltaico de alto rendimento &#8211; autonomia em caso de obscuridade de efectuar at\u00e9 10 ciclos de abertura e fecho.<\/li>\n<\/ul>\n","protected":false},"excerpt":{"rendered":"<p>Cobertura com 2 suportes laterais lacados a branco para fixa\u00e7\u00e3o [&hellip;]<\/p>\n","protected":false},"featured_media":852,"template":"","meta":[],"_links":{"self":[{"href":"https:\/\/rotinaspiscinas.pt\/index.php\/wp-json\/wp\/v2\/product\/848"}],"collection":[{"href":"https:\/\/rotinaspiscinas.pt\/index.php\/wp-json\/wp\/v2\/product"}],"about":[{"href":"https:\/\/rotinaspiscinas.pt\/index.php\/wp-json\/wp\/v2\/types\/product"}],"wp:featuredmedia":[{"embeddable":true,"href":"https:\/\/rotinaspiscinas.pt\/index.php\/wp-json\/wp\/v2\/media\/852"}],"wp:attachment":[{"href":"https:\/\/rotinaspiscinas.pt\/index.php\/wp-json\/wp\/v2\/media?parent=848"}],"curies":[{"name":"wp","href":"https:\/\/api.w.org\/{rel}","templated":true}]}}