{"id":864,"date":"2021-03-13T21:50:09","date_gmt":"2021-03-13T21:50:09","guid":{"rendered":"https:\/\/rotinaspiscinas.pt\/?post_type=product&#038;p=864"},"modified":"2021-03-13T21:50:10","modified_gmt":"2021-03-13T21:50:10","slug":"griffon-cola-pvc-wdf-05","status":"publish","type":"product","link":"https:\/\/rotinaspiscinas.pt\/index.php\/product\/griffon-cola-pvc-wdf-05\/","title":{"rendered":"GRIFFON Cola PVC WDF-05"},"content":{"rendered":"<p>Cimento PVC tixotr\u00f3pico azul, secagem muito r\u00e1pida<\/p>\n<p>Campos de aplica\u00e7\u00e3o<\/p>\n<ul>\n<li>Para uni\u00e3o de tubos flex\u00edveis e tubos r\u00edgidos em PVC, mangas e encaixes com ajuste sob press\u00e3o e com folga (enchimento de folgas) em sistemas pressurizados e de escoamento.<\/li>\n<li>Extremamente adequado para piscinas, jacuzzis e outros ambientes h\u00famidos.<\/li>\n<li>Adequado para di\u00e2metros \u2264160 mm.<\/li>\n<li>M\u00e1x. 16 bar (PN 16). Toler\u00e2ncia m\u00e1xima 0,8 mm folga diametral (tubos flex\u00edveis m\u00e1x. 0,3 mm) \/ ajuste sob press\u00e3o 0,2 mm. Adequado para sistemas de tubagens em conformidade com as normas EN1329, 1452, 1453, 1455 e ISO15493 (PVC).<\/li>\n<\/ul>\n<p>Propriedades<\/p>\n<ul>\n<li>Com pincel especial<\/li>\n<li>Com tampa de abertura f\u00e1cil<\/li>\n<li>Muito r\u00e1pido<\/li>\n<li>Tixotr\u00f3pico<\/li>\n<li>Bom enchimento de folgas<\/li>\n<\/ul>\n","protected":false},"excerpt":{"rendered":"<p>Cimento PVC tixotr\u00f3pico azul, secagem muito r\u00e1pida Campos de aplica\u00e7\u00e3o [&hellip;]<\/p>\n","protected":false},"featured_media":868,"template":"","meta":[],"_links":{"self":[{"href":"https:\/\/rotinaspiscinas.pt\/index.php\/wp-json\/wp\/v2\/product\/864"}],"collection":[{"href":"https:\/\/rotinaspiscinas.pt\/index.php\/wp-json\/wp\/v2\/product"}],"about":[{"href":"https:\/\/rotinaspiscinas.pt\/index.php\/wp-json\/wp\/v2\/types\/product"}],"wp:featuredmedia":[{"embeddable":true,"href":"https:\/\/rotinaspiscinas.pt\/index.php\/wp-json\/wp\/v2\/media\/868"}],"wp:attachment":[{"href":"https:\/\/rotinaspiscinas.pt\/index.php\/wp-json\/wp\/v2\/media?parent=864"}],"curies":[{"name":"wp","href":"https:\/\/api.w.org\/{rel}","templated":true}]}}