{"id":865,"date":"2021-03-13T21:50:12","date_gmt":"2021-03-13T21:50:12","guid":{"rendered":"https:\/\/rotinaspiscinas.pt\/?post_type=product&#038;p=865"},"modified":"2021-03-13T21:50:12","modified_gmt":"2021-03-13T21:50:12","slug":"griffon-cola-pvc-gel","status":"publish","type":"product","link":"https:\/\/rotinaspiscinas.pt\/index.php\/product\/griffon-cola-pvc-gel\/","title":{"rendered":"GRIFFON Cola PVC gel"},"content":{"rendered":"<p>Cola de PVC r\u00edgido, tixotr\u00f3pico, sem THF<\/p>\n<p>Campos de aplica\u00e7\u00e3o<\/p>\n<ul>\n<li>Para uni\u00e3o de tubos, mangas e encaixes com ajuste sob press\u00e3o e com folga (enchimento de folgas) em sistemas pressurizados e de escoamento.<\/li>\n<li>Adequada para di\u00e2metros 250 mm. M\u00e1x. 16 bar (PN 16). Toler\u00e2ncia m\u00e1xima 0,6 mm de folga diametral \/ ajuste sob press\u00e3o 0,2 mm.<\/li>\n<li>Adequado para sistemas de tubagens em conformidade com as normas EN1329, 1452, 1453 e 1455.<\/li>\n<\/ul>\n<p>Propriedades<\/p>\n<ul>\n<li>Com pincel especial<\/li>\n<li>Com tampa de abertura f\u00e1cil<\/li>\n<li>Sem THF<\/li>\n<li>R\u00e1pida<\/li>\n<li>N\u00e3o escorre<\/li>\n<li>Tixotr\u00f3pica<\/li>\n<li>Bom enchimento de folgas<\/li>\n<\/ul>\n","protected":false},"excerpt":{"rendered":"<p>Cola de PVC r\u00edgido, tixotr\u00f3pico, sem THF Campos de aplica\u00e7\u00e3o [&hellip;]<\/p>\n","protected":false},"featured_media":862,"template":"","meta":[],"_links":{"self":[{"href":"https:\/\/rotinaspiscinas.pt\/index.php\/wp-json\/wp\/v2\/product\/865"}],"collection":[{"href":"https:\/\/rotinaspiscinas.pt\/index.php\/wp-json\/wp\/v2\/product"}],"about":[{"href":"https:\/\/rotinaspiscinas.pt\/index.php\/wp-json\/wp\/v2\/types\/product"}],"wp:featuredmedia":[{"embeddable":true,"href":"https:\/\/rotinaspiscinas.pt\/index.php\/wp-json\/wp\/v2\/media\/862"}],"wp:attachment":[{"href":"https:\/\/rotinaspiscinas.pt\/index.php\/wp-json\/wp\/v2\/media?parent=865"}],"curies":[{"name":"wp","href":"https:\/\/api.w.org\/{rel}","templated":true}]}}