{"id":866,"date":"2021-03-13T21:50:37","date_gmt":"2021-03-13T21:50:37","guid":{"rendered":"https:\/\/rotinaspiscinas.pt\/?post_type=product&#038;p=866"},"modified":"2021-03-13T21:50:38","modified_gmt":"2021-03-13T21:50:38","slug":"griffon-agente-de-limpeza","status":"publish","type":"product","link":"https:\/\/rotinaspiscinas.pt\/index.php\/product\/griffon-agente-de-limpeza\/","title":{"rendered":"GRIFFON agente de limpeza"},"content":{"rendered":"<p>Agente de limpeza para PVC (r\u00edgido), PVC-C e ABS.<\/p>\n<ul>\n<li>Para limpeza e desengorduramento de tubagens, mangas e encaixes feitos de PVC (r\u00edgido), PVC-C e ABS.<\/li>\n<li>Tamb\u00e9m adequado para remo\u00e7\u00e3o de res\u00edduos de cola n\u00e3o curados e para limpeza de escovas e ferramentas.<\/li>\n<li>N\u00e3o adequado para diluir cola de PVC, PVC-C e ABS.<\/li>\n<\/ul>\n<p>Propriedades<\/p>\n<ul>\n<li>Universal<\/li>\n<li>Propriedades de limpeza muito fortes<\/li>\n<\/ul>\n","protected":false},"excerpt":{"rendered":"<p>Agente de limpeza para PVC (r\u00edgido), PVC-C e ABS. Para [&hellip;]<\/p>\n","protected":false},"featured_media":869,"template":"","meta":[],"_links":{"self":[{"href":"https:\/\/rotinaspiscinas.pt\/index.php\/wp-json\/wp\/v2\/product\/866"}],"collection":[{"href":"https:\/\/rotinaspiscinas.pt\/index.php\/wp-json\/wp\/v2\/product"}],"about":[{"href":"https:\/\/rotinaspiscinas.pt\/index.php\/wp-json\/wp\/v2\/types\/product"}],"wp:featuredmedia":[{"embeddable":true,"href":"https:\/\/rotinaspiscinas.pt\/index.php\/wp-json\/wp\/v2\/media\/869"}],"wp:attachment":[{"href":"https:\/\/rotinaspiscinas.pt\/index.php\/wp-json\/wp\/v2\/media?parent=866"}],"curies":[{"name":"wp","href":"https:\/\/api.w.org\/{rel}","templated":true}]}}