{"id":873,"date":"2021-03-13T21:52:39","date_gmt":"2021-03-13T21:52:39","guid":{"rendered":"https:\/\/rotinaspiscinas.pt\/?post_type=product&#038;p=873"},"modified":"2021-03-13T21:52:39","modified_gmt":"2021-03-13T21:52:39","slug":"griffon-massa-epoxi-2-componentes","status":"publish","type":"product","link":"https:\/\/rotinaspiscinas.pt\/index.php\/product\/griffon-massa-epoxi-2-componentes\/","title":{"rendered":"GRIFFON : Massa Epoxi 2 Componentes"},"content":{"rendered":"<p>Massa ep\u00f3xi de dois componentes para reparos permanentes e restaura\u00e7\u00e3o de quase todos os materiais. F\u00e1cil de usar, sem excedentes e muito resistente. Stick de 114 g.<\/p>\n","protected":false},"excerpt":{"rendered":"<p>Massa ep\u00f3xi de dois componentes para reparos permanentes e restaura\u00e7\u00e3o [&hellip;]<\/p>\n","protected":false},"featured_media":874,"template":"","meta":[],"_links":{"self":[{"href":"https:\/\/rotinaspiscinas.pt\/index.php\/wp-json\/wp\/v2\/product\/873"}],"collection":[{"href":"https:\/\/rotinaspiscinas.pt\/index.php\/wp-json\/wp\/v2\/product"}],"about":[{"href":"https:\/\/rotinaspiscinas.pt\/index.php\/wp-json\/wp\/v2\/types\/product"}],"wp:featuredmedia":[{"embeddable":true,"href":"https:\/\/rotinaspiscinas.pt\/index.php\/wp-json\/wp\/v2\/media\/874"}],"wp:attachment":[{"href":"https:\/\/rotinaspiscinas.pt\/index.php\/wp-json\/wp\/v2\/media?parent=873"}],"curies":[{"name":"wp","href":"https:\/\/api.w.org\/{rel}","templated":true}]}}