{"id":875,"date":"2021-03-13T21:53:24","date_gmt":"2021-03-13T21:53:24","guid":{"rendered":"https:\/\/rotinaspiscinas.pt\/?post_type=product&#038;p=875"},"modified":"2021-03-13T21:53:24","modified_gmt":"2021-03-13T21:53:24","slug":"griffon-cola-e-veda-aqua-max","status":"publish","type":"product","link":"https:\/\/rotinaspiscinas.pt\/index.php\/product\/griffon-cola-e-veda-aqua-max\/","title":{"rendered":"GRIFFON : Cola e veda AQUA MAX\u00ae"},"content":{"rendered":"<p>Adesivo e selante de montagem resistente a \u00e1gua e sem solventes,<br \/>\nbaseados em SMP Pol\u00edmero.<\/p>\n<p>Campo de aplica\u00e7\u00e3o:<\/p>\n<ul>\n<li>Para a colagem, montagem e veda\u00e7\u00e3o de quase todos os materiais em quase todas as superf\u00edcies. Extremamente adequado para constru\u00e7\u00e3o de piscinas e lagos.<\/li>\n<li>Adequado para todos os tipos de aplica\u00e7\u00f5es dentro e fora da piscina, como skimmers, bordas, ladrilhos, drenos, coberturas, tubos de sa\u00edda e juntas de dilata\u00e7\u00e3o.<\/li>\n<li>N\u00e3o adequado para PE, PP, PTFE, gesso puro e betume.<\/li>\n<li>Ao colar pl\u00e1sticos execute sempre um teste de ades\u00e3o primeiro.<\/li>\n<li>A ades\u00e3o aos pl\u00e1sticos pode variar dependendo do tipo de sint\u00e9tico e a qualidade do pl\u00e1stico.<\/li>\n<\/ul>\n<p>&nbsp;<\/p>\n<ul>\n<li>Cartucho 425 g branco.<\/li>\n<li>Resistente \u00e0 \u00e1gua (cloro \/ mar)<\/li>\n<li>Resistente a UV<\/li>\n<li>For\u00e7a de uni\u00e3o final muito alta<\/li>\n<li>Elasticidade permanente muito alta<\/li>\n<li>Muito boa capacidade de enchimento<\/li>\n<li>Bom poder permanente<\/li>\n<li>N\u00e3o encolhe; 100% adesivo<\/li>\n<li>Isento de solventes<\/li>\n<li>Sem sujidade nas arestas das juntas<\/li>\n<li>Resistente a temperaturas entre -40 \u00b0 C e + 100 \u00b0 C<\/li>\n<li>Pint\u00e1vel<\/li>\n<\/ul>\n","protected":false},"excerpt":{"rendered":"<p>Adesivo e selante de montagem resistente a \u00e1gua e sem [&hellip;]<\/p>\n","protected":false},"featured_media":877,"template":"","meta":[],"_links":{"self":[{"href":"https:\/\/rotinaspiscinas.pt\/index.php\/wp-json\/wp\/v2\/product\/875"}],"collection":[{"href":"https:\/\/rotinaspiscinas.pt\/index.php\/wp-json\/wp\/v2\/product"}],"about":[{"href":"https:\/\/rotinaspiscinas.pt\/index.php\/wp-json\/wp\/v2\/types\/product"}],"wp:featuredmedia":[{"embeddable":true,"href":"https:\/\/rotinaspiscinas.pt\/index.php\/wp-json\/wp\/v2\/media\/877"}],"wp:attachment":[{"href":"https:\/\/rotinaspiscinas.pt\/index.php\/wp-json\/wp\/v2\/media?parent=875"}],"curies":[{"name":"wp","href":"https:\/\/api.w.org\/{rel}","templated":true}]}}